{"id":910,"date":"2017-11-21T04:13:29","date_gmt":"2017-11-21T04:13:29","guid":{"rendered":"https:\/\/meelc.com\/\/?page_id=910"},"modified":"2026-02-12T13:02:48","modified_gmt":"2026-02-12T10:02:48","slug":"home-04","status":"publish","type":"page","link":"https:\/\/meelcelevator.com\/","title":{"rendered":"Ana Sayfa"},"content":{"rendered":"<p>[vc_row full_width=&#8221;stretch_row&#8221; css=&#8221;.vc_custom_1519869321853{padding-top: 270px !important;background: #f7f8f9 url(https:\/\/meelcelevator.com\/wp-content\/uploads\/\/2017\/11\/bg-h4_1.jpg?id=933) !important;background-position: center !important;background-repeat: no-repeat !important;background-size: cover !important;}&#8221; el_class=&#8221;fix-row&#8221;][vc_column][vc_row_inner][vc_column_inner width=&#8221;1\/3&#8243;][\/vc_column_inner][vc_column_inner width=&#8221;2\/3&#8243;][vc_custom_heading text=&#8221;Paket Asans\u00f6rde \u0130thalat ve \u0130hracat \u0130le B\u00fcy\u00fcyoruz.&#8221; font_container=&#8221;tag:h3|font_size:2.8rem|text_align:left|line_height:1.15&#8243; use_theme_fonts=&#8221;yes&#8221; css_animation=&#8221;bounceInLeft&#8221; el_class=&#8221;text-shadow&#8221;][\/vc_column_inner][\/vc_row_inner][vc_empty_space height=&#8221;120px&#8221;][vc_row_inner][vc_column_inner width=&#8221;1\/3&#8243;]\n<!-- BEGIN .imagebox -->\n<div class=\"imagebox style2 shadow \">\n\t\n\t\t<div class=\"box-header\">\n\t\t\t<h3 class=\"box-title\">\n\t\t\t\t<a href=\"https:\/\/meelcelevator.com\/index.php\/yuruyen-merdiven\/\" target=\"_self\">\n\t\t\t\t\tY\u00fcr\u00fcyen Merdiven&amp;Yol\t\t\t\t<\/a>\n\t\t\t<\/h3>\n\n\t\t\t\t\t\t\t<span class=\"box-subtitle\">\n\t\t\t\t\tAl\u0131\u015fveri\u015f merkezleri, oteller, hava limanlar\u0131, gibi insan trafi\u011finin ak\u0131c\u0131 ve...\t\t\t\t<\/span>\n\t\t\t\t\t<\/div>\n\n\t\t<div class=\"box-content\"><\/div>\n\n\t\t<div class=\"box-image\">\n\t\t\t<a href=\"https:\/\/meelcelevator.com\/index.php\/yuruyen-merdiven\/\" target=\"_self\">\n\t\t\t\t\n\t\t\t\t<img loading=\"lazy\" decoding=\"async\" class=\"\" src=\"https:\/\/meelcelevator.com\/wp-content\/uploads\/2026\/01\/yuruyenmerdivenler-1-600x400-1-400x400.png\" width=\"400\" height=\"400\" alt=\"yuruyenmerdivenler-1-600x400\" title=\"yuruyenmerdivenler-1-600x400\" \/>\t\t\t<\/a>\n\t\t<\/div>\n\t<\/div>\n<!-- End .imagebox -->\n[vc_empty_space height=&#8221;30px&#8221;][\/vc_column_inner][vc_column_inner width=&#8221;1\/3&#8243;]\n<!-- BEGIN .imagebox -->\n<div class=\"imagebox style2 shadow \">\n\t\n\t\t<div class=\"box-header\">\n\t\t\t<h3 class=\"box-title\">\n\t\t\t\t<a href=\"https:\/\/meelcelevator.com\/index.php\/asansor-kabinleri\/\" target=\"_self\">\n\t\t\t\t\tAsans\u00f6r Kabin \u00dcretimi\t\t\t\t<\/a>\n\t\t\t<\/h3>\n\n\t\t\t\t\t\t\t<span class=\"box-subtitle\">\n\t\t\t\t\tG\u00f6ze ho\u015f gelen kabin tasar\u0131mlar\u0131m\u0131z\u0131 yak\u0131ndan inceleyin\u2026\t\t\t\t<\/span>\n\t\t\t\t\t<\/div>\n\n\t\t<div class=\"box-content\"><\/div>\n\n\t\t<div class=\"box-image\">\n\t\t\t<a href=\"https:\/\/meelcelevator.com\/index.php\/asansor-kabinleri\/\" target=\"_self\">\n\t\t\t\t\n\t\t\t\t<img loading=\"lazy\" decoding=\"async\" class=\"\" src=\"https:\/\/meelcelevator.com\/wp-content\/uploads\/2025\/10\/3.slide_-400x533.jpg\" width=\"400\" height=\"533\" alt=\"3.slide\" title=\"3.slide\" \/>\t\t\t<\/a>\n\t\t<\/div>\n\t<\/div>\n<!-- End .imagebox -->\n[vc_empty_space height=&#8221;30px&#8221;][\/vc_column_inner][vc_column_inner width=&#8221;1\/3&#8243;]\n<!-- BEGIN .imagebox -->\n<div class=\"imagebox style2 shadow \">\n\t\n\t\t<div class=\"box-header\">\n\t\t\t<h3 class=\"box-title\">\n\t\t\t\t<a href=\"https:\/\/meelcelevator.com\/index.php\/paket-asansor\/\" target=\"_self\">\n\t\t\t\t\tKomple Paket Asans\u00f6r\t\t\t\t<\/a>\n\t\t\t<\/h3>\n\n\t\t\t\t\t\t\t<span class=\"box-subtitle\">\n\t\t\t\t\tM\u00fc\u015fterilerimize ekonomik, kaliteli ve g\u00fcvenilir komple asans\u00f6r sistemleri...\t\t\t\t<\/span>\n\t\t\t\t\t<\/div>\n\n\t\t<div class=\"box-content\"><\/div>\n\n\t\t<div class=\"box-image\">\n\t\t\t<a href=\"https:\/\/meelcelevator.com\/index.php\/paket-asansor\/\" target=\"_self\">\n\t\t\t\t\n\t\t\t\t<img loading=\"lazy\" decoding=\"async\" class=\"\" src=\"https:\/\/meelcelevator.com\/wp-content\/uploads\/2025\/10\/worldexport-scaled-400x550.jpg\" width=\"400\" height=\"550\" alt=\"worldexport\" title=\"worldexport\" \/>\t\t\t<\/a>\n\t\t<\/div>\n\t<\/div>\n<!-- End .imagebox -->\n[vc_empty_space height=&#8221;30px&#8221;][\/vc_column_inner][\/vc_row_inner][vc_empty_space height=&#8221;20px&#8221;][\/vc_column][\/vc_row][vc_row full_width=&#8221;stretch_row&#8221; css=&#8221;.vc_custom_1761067927118{padding-top: 80px !important;padding-bottom: 50px !important;background-color: #dbdbdb !important;background-position: center !important;background-repeat: no-repeat !important;background-size: cover !important;}&#8221; el_class=&#8221;shadow&#8221;][vc_column][vc_row_inner][vc_column_inner width=&#8221;1\/12&#8243;][\/vc_column_inner][vc_column_inner width=&#8221;5\/6&#8243;][vc_custom_heading text=&#8221;T\u00dcM B\u0130NA T\u0130PLER\u0130NE G\u00d6RE ASANS\u00d6R \u00dcRET\u0130M\u0130&#8221; font_container=&#8221;tag:h3|font_size:48px|text_align:center|color:%23dd3333&#8243; use_theme_fonts=&#8221;yes&#8221;][vc_empty_space height=&#8221;40px&#8221;][\/vc_column_inner][vc_column_inner width=&#8221;1\/12&#8243;][\/vc_column_inner][\/vc_row_inner][vc_row_inner][vc_column_inner width=&#8221;1\/2&#8243;][vc_column_text]<span style=\"color: #000000;\">MEELC Asans\u00f6r, asans\u00f6r sekt\u00f6r\u00fcn\u00fcn her alan\u0131nda en kaliteli hizmeti sunmaktad\u0131r. Her t\u00fcrl\u00fc ihtiyaca en uygun asans\u00f6r tipinde hizmet veren, sekt\u00f6r\u00fcn \u00f6nde gelen firmalar\u0131ndan biridir<\/span>[\/vc_column_text][vc_empty_space height=&#8221;20px&#8221;][\/vc_column_inner][vc_column_inner width=&#8221;1\/2&#8243;][vc_column_text]<\/p>\n<p style=\"text-align: justify;\"><span style=\"color: #000000;\">MEELC asans\u00f6r kuruldu\u011fu g\u00fcnden bu yana g\u00fcvenli, kaliteli ve yenilik\u00e7i teknolojileri kullanmay\u0131 ilke edinerek asans\u00f6r sekt\u00f6r\u00fcn\u00fcn t\u00fcm sekt\u00f6rlerinde faaliyet g\u00f6stermektedir. Bu sekt\u00f6rde edindi\u011fimiz tecr\u00fcbenin \u00fczerine teknolojinin ve yenili\u011fin sa\u011flad\u0131\u011f\u0131 t\u00fcm olanaklar\u0131 ekleyerek, personelimize sundu\u011fumuz periyodik e\u011fitimlerle m\u00fc\u015fterilerimize sundu\u011fumuz hizmetleri destekliyoruz.<\/span><\/p>\n<p>[\/vc_column_text][vc_empty_space height=&#8221;20px&#8221;][\/vc_column_inner][\/vc_row_inner][vc_empty_space height=&#8221;20px&#8221;]<ul class=\"iconlist iconlist iconlist-icon-medium \"><li ><div class=\"iconlist-item-icon\"><img decoding=\"async\" src=\"https:\/\/meelcelevator.com\/wp-content\/uploads\/2025\/10\/insan-asansoru.png\" alt=\"insan-asansoru\" \/><span class=\"shapes\"><\/span><\/div><div class=\"iconlist-item-content\">\n<h5 style=\"color: #ffffff\"><a href=\"https:\/\/meelcelevator.com\/index.php\/insan-asansorleri\/\">Yolcu Asans\u00f6rleri<\/a><\/h5>\n<p><\/div><\/li><li ><div class=\"iconlist-item-icon\"><img decoding=\"async\" src=\"https:\/\/meelcelevator.com\/wp-content\/uploads\/2025\/10\/monsarj-asansor.png\" alt=\"monsarj-asansor\" \/><span class=\"shapes\"><\/span><\/div><div class=\"iconlist-item-content\">\n<h5 style=\"color: #ffffff\"><a href=\"https:\/\/meelcelevator.com\/index.php\/monsarj-asansorleri\/\">Mon\u015farj &amp; Yemek Asans\u00f6rleri <\/a><\/h5>\n<p><\/div><\/li><li ><div class=\"iconlist-item-icon\"><img decoding=\"async\" src=\"https:\/\/meelcelevator.com\/wp-content\/uploads\/2025\/10\/hastane-asansorleri.png\" alt=\"hastane-asansorleri\" \/><span class=\"shapes\"><\/span><\/div><div class=\"iconlist-item-content\">\n<h5 style=\"color: #ffffff\"><a href=\"https:\/\/meelcelevator.com\/index.php\/hastane-asansorleri\/\">Hastane Asans\u00f6rleri <\/a><\/h5>\n<p><\/div><\/li><li ><div class=\"iconlist-item-icon\"><img decoding=\"async\" src=\"https:\/\/meelcelevator.com\/wp-content\/uploads\/2025\/10\/engelli-asansor.png\" alt=\"engelli-asansor\" \/><span class=\"shapes\"><\/span><\/div><div class=\"iconlist-item-content\">\n<h5 style=\"color: #ffffff\"><a href=\"https:\/\/meelcelevator.com\/index.php\/engelli-asansorleri\/\">Engelli Asans\u00f6rleri <\/a><\/h5>\n<p><\/div><\/li><li ><div class=\"iconlist-item-icon\"><img decoding=\"async\" src=\"https:\/\/meelcelevator.com\/wp-content\/uploads\/2025\/10\/Yuk-asansoru.png\" alt=\"Yuk-asansoru\" \/><span class=\"shapes\"><\/span><\/div><div class=\"iconlist-item-content\">\n<h5 style=\"color: #ffffff\"><a href=\"https:\/\/meelcelevator.com\/index.php\/yuk-asansorleri\/\">\u00a0Y\u00fck Asans\u00f6rleri<\/a><\/h5>\n<p><\/div><\/li><li ><div class=\"iconlist-item-icon\"><img decoding=\"async\" src=\"https:\/\/meelcelevator.com\/wp-content\/uploads\/2025\/10\/arac-asansoru.png\" alt=\"arac-asansoru\" \/><span class=\"shapes\"><\/span><\/div><div class=\"iconlist-item-content\">\n<h5 style=\"color: #ffffff\"><a href=\"https:\/\/meelcelevator.com\/index.php\/arac-asansorleri\/\">Ara\u00e7 Asans\u00f6rleri <\/a><\/h5>\n<p><\/div><\/li><li ><div class=\"iconlist-item-icon\"><img decoding=\"async\" src=\"https:\/\/meelcelevator.com\/wp-content\/uploads\/2025\/10\/panoramik-asansor.png\" alt=\"panoramik-asansor\" \/><span class=\"shapes\"><\/span><\/div><div class=\"iconlist-item-content\">\n<h5 style=\"color: #ffffff\"><a href=\"https:\/\/meelcelevator.com\/index.php\/panoramik-asansorleri\/\">\u00a0Panoramik Asans\u00f6rler<\/a><\/h5>\n<p><\/div><\/li><\/ul>[\/vc_column][\/vc_row][vc_section css=&#8221;.vc_custom_1761068020434{background-position: center !important;background-repeat: no-repeat !important;background-size: cover !important;}&#8221;][vc_row full_width=&#8221;stretch_row&#8221; css=&#8221;.vc_custom_1761068114504{padding-top: 150px !important;padding-bottom: 230px !important;background-image: url(https:\/\/meelcelevator.com\/wp-content\/uploads\/2025\/10\/ihracat-nedir-detay-gorsel-1.jpg?id=1787) !important;background-position: center !important;background-repeat: no-repeat !important;background-size: cover !important;}&#8221;][vc_column][vc_custom_heading text=&#8221;G\u00fc\u00e7l\u00fc \u0130\u015f Orta\u011f\u0131n\u0131z&#8221; font_container=&#8221;tag:h3|font_size:48px|text_align:left|color:%23ffffff&#8221; use_theme_fonts=&#8221;yes&#8221;][\/vc_column][\/vc_row][vc_row css=&#8221;.vc_custom_1761068082873{background-position: center !important;background-repeat: no-repeat !important;background-size: cover !important;}&#8221;][vc_column][vc_tta_tabs spacing=&#8221;&#8221; active_section=&#8221;1&#8243; css=&#8221;.vc_custom_1761068518102{margin-top: -86px !important;}&#8221;][vc_tta_section title=&#8221;\u00dcr\u00fcnlerimiz&#8221; tab_id=&#8221;1511404881260-6bdbf5ed-7a33&#8243;][vc_row_inner content_placement=&#8221;middle&#8221; gap=&#8221;15&#8243;][vc_column_inner width=&#8221;1\/2&#8243;][vc_single_image image=&#8221;2188&#8243; img_size=&#8221;800&#215;480&#8243; style=&#8221;vc_box_shadow_3d&#8221; onclick=&#8221;custom_link&#8221; link=&#8221;#&#8221;][\/vc_column_inner][vc_column_inner width=&#8221;1\/2&#8243;][vc_column_text]<\/p>\n<h3 class=\"no-margin-top\">Meelc Asans\u00f6r; Y\u0131llar\u0131n vermi\u015f oldu\u011fu bilgi birikimi ve proje tecr\u00fcbesini,Kabin \u00fcretiminde ve Asans\u00f6r par\u00e7alar\u0131 \u00fcretiminde kullanarak imalat\u00e7\u0131 firma olman\u0131n gururunu ya\u015f\u0131yoruz.<\/h3>\n<h3 class=\"no-margin-top\"><span style=\"font-size: 16px;\">Tamamen kendi tasarlad\u0131\u011f\u0131m\u0131z \u00fcr\u00fcnlerin, en kritik konstr\u00fcksiyon ve metal aksam \u00fcretimini tasarl\u0131yor ve kendi fabrikam\u0131zda \u00fcretiyoruz. ( Kabin, Karkaslar, Konsollar, Motor Temel \u015easeleri vb)<\/span><\/h3>\n<p>Meelc Asans\u00f6r &#8221; Her Zaman Do\u011fru Tercih&#8221;[\/vc_column_text][\/vc_column_inner][\/vc_row_inner][\/vc_tta_section][vc_tta_section title=&#8221;\u00dcretim G\u00fcc\u00fc&#8221; tab_id=&#8221;1511404881187-4ac2d406-d235&#8243;][vc_row_inner gap=&#8221;15&#8243;][vc_column_inner width=&#8221;1\/2&#8243;][vc_column_text]<\/p>\n<h3 class=\"no-margin-top\">\u00dcRET\u0130M G\u00dcC\u00dc<\/h3>\n<p>Elektrik ve Elektronik \u0130malatlar\u0131 <strong class=\"heading avia-animated-number-title\"><span class=\"avia-no-number\">y\u0131lda\u00a0<\/span><span class=\"avia-single-number __av-single-number\" data-number_format=\".\" data-number=\"400\" data-start_from=\"0\">500<\/span><span class=\"avia-no-number\"> asans\u00f6r i\u00e7in aksam \u00fcretimi ger\u00e7ekle\u015ftiriyoruz.<\/span><\/strong><\/p>\n<h1 class=\"av-special-heading-tag \">Kalite Kontrol<\/h1>\n<p>Kendi \u00fcretimimiz olan kumanda panosu, haz\u0131r tesisat ile asans\u00f6re ait di\u011fer bile\u015fenler (Motor, Hidrolik G\u00fc\u00e7 \u00fcnitesi, Inverter, Sinyalizasyon, Kap\u0131 vb.) fabrikada bir araya getirilerek, standartlar\u0131n t\u00fcm gereksinimleri ve sat\u0131\u015f opsiyonlar\u0131 test edilerek sevkiyat \u00f6ncesi Kalite G\u00fcvence prosed\u00fcr\u00fc tamamlan\u0131r.[\/vc_column_text][vc_empty_space height=&#8221;10px&#8221;][\/vc_column_inner][vc_column_inner width=&#8221;1\/2&#8243;][vc_single_image image=&#8221;95&#8243; img_size=&#8221;800&#215;440&#8243;][vc_empty_space height=&#8221;30px&#8221;][\/vc_column_inner][\/vc_row_inner][\/vc_tta_section][vc_tta_section title=&#8221;Kalite Standartlar\u0131&#8221; tab_id=&#8221;1511404971817-1cb339aa-8371&#8243;][vc_row_inner gap=&#8221;15&#8243;][vc_column_inner][vc_single_image image=&#8221;1794&#8243; img_size=&#8221;1280&#215;400&#8243; style=&#8221;vc_box_shadow_3d&#8221;][vc_empty_space height=&#8221;50px&#8221;]<ul class=\"iconlist iconlist iconlist-icon-large \"><li ><div class=\"iconlist-item-icon\"><i class=\"sl-check\"><\/i><span class=\"shapes\"><\/span><\/div><div class=\"iconlist-item-content\">\n<h3>S\u0131f\u0131r At\u0131k<\/h3>\n<p>S\u0131f\u0131r at\u0131k ile \u00e7evremizin ve do\u011fal kaynaklar\u0131m\u0131z\u0131n korunmas\u0131,<\/div><\/li><li ><div class=\"iconlist-item-icon\"><i class=\"sl-disc\"><\/i><span class=\"shapes\"><\/span><\/div><div class=\"iconlist-item-content\">\n<h3>\u0130\u015f Sa\u011fl\u0131\u011f\u0131 ve G\u00fcvenli\u011fi<\/h3>\n<p>\u00c7al\u0131\u015fanlar\u0131m\u0131z\u0131n i\u015f sa\u011fl\u0131\u011f\u0131 ve g\u00fcvenli\u011fi kurallar\u0131na uyma denetimleri,<\/div><\/li><li ><div class=\"iconlist-item-icon\"><i class=\"sl-layers\"><\/i><span class=\"shapes\"><\/span><\/div><div class=\"iconlist-item-content\">\n<h3>Biz Bir Aileyiz<\/h3>\n<p>\u00c7al\u0131\u015fanlar\u0131m\u0131z\u0131n yetkinlik ve motivasyonunu artt\u0131rma \u00e7al\u0131\u015fmalar\u0131,<\/div><\/li><li ><div class=\"iconlist-item-icon\"><i class=\"sl-layers\"><\/i><span class=\"shapes\"><\/span><\/div><div class=\"iconlist-item-content\">\n<h3>Memnuniyet<\/h3>\n<p>Tedarikten, teslimata t\u00fcm s\u00fcreci iyile\u015ftirme<\/div><\/li><li ><div class=\"iconlist-item-icon\"><i class=\"sl-layers\"><\/i><span class=\"shapes\"><\/span><\/div><div class=\"iconlist-item-content\">\n<h3>Denetim<\/h3>\n<p>Hammadde giri\u015finden sevkiyata kadar olan s\u00fcre\u00e7lerin incelenmesi ve denetlenmesi,<\/div><\/li><\/ul>[\/vc_column_inner][\/vc_row_inner][\/vc_tta_section][vc_tta_section title=&#8221;Y\u00fcr\u00fcyen Merdiven&amp;Bant&#8221; tab_id=&#8221;1769785697821-e887993c-adf8&#8243;][vc_single_image image=&#8221;2148&#8243; img_size=&#8221;full&#8221; style=&#8221;vc_box_shadow_3d&#8221;][vc_empty_space height=&#8221;60px&#8221;][vc_column_text]Firmam\u0131z, <a href=\"https:\/\/meelcelevator.com\/index.php\/yuruyen-merdiven\/\">y\u00fcr\u00fcyen merdiven ve y\u00fcr\u00fcyen yol<\/a> sistemlerinde uluslararas\u0131 standartlara uygun, y\u00fcksek g\u00fcvenlik ve performans odakl\u0131 anahtar teslim projeler ger\u00e7ekle\u015ftirmektedir. Projeler; insan trafi\u011fi yo\u011funlu\u011fu, ta\u015f\u0131ma kapasitesi, \u00e7al\u0131\u015fma a\u00e7\u0131s\u0131, h\u0131z parametreleri ve kullan\u0131m senaryolar\u0131 dikkate al\u0131narak m\u00fchendislik hesaplar\u0131yla tasarlanmaktad\u0131r.[\/vc_column_text][\/vc_tta_section][\/vc_tta_tabs][vc_empty_space height=&#8221;60px&#8221;][\/vc_column][\/vc_row][\/vc_section][vc_row][vc_column][vc_single_image image=&#8221;2190&#8243; img_size=&#8221;full&#8221; alignment=&#8221;center&#8221; style=&#8221;vc_box_shadow_3d&#8221; onclick=&#8221;custom_link&#8221; img_link_target=&#8221;_blank&#8221; link=&#8221;https:\/\/meelcelevator.com\/&#8221;][\/vc_column][\/vc_row]<\/p>\n","protected":false},"excerpt":{"rendered":"<p>[vc_row full_width=&#8221;stretch_row&#8221; css=&#8221;.vc_custom_1519869321853{padding-top: 270px !important;background: #f7f8f9 url(https:\/\/meelcelevator.com\/wp-content\/uploads\/\/2017\/11\/bg-h4_1.jpg?id=933) !important;background-position: center !important;background-repeat: no-repeat !important;background-size: cover !important;}&#8221; el_class=&#8221;fix-row&#8221;][vc_column][vc_row_inner][vc_column_inner width=&#8221;1\/3&#8243;][\/vc_column_inner][vc_column_inner width=&#8221;2\/3&#8243;][vc_custom_heading text=&#8221;Paket Asans\u00f6rde \u0130thalat ve \u0130hracat \u0130le B\u00fcy\u00fcyoruz.&#8221; font_container=&#8221;tag:h3|font_size:2.8rem|text_align:left|line_height:1.15&#8243; use_theme_fonts=&#8221;yes&#8221; css_animation=&#8221;bounceInLeft&#8221; el_class=&#8221;text-shadow&#8221;][\/vc_column_inner][\/vc_row_inner][vc_empty_space height=&#8221;120px&#8221;][vc_row_inner][vc_column_inner width=&#8221;1\/3&#8243;][vc_empty_space height=&#8221;30px&#8221;][\/vc_column_inner][vc_column_inner width=&#8221;1\/3&#8243;][vc_empty_space height=&#8221;30px&#8221;][\/vc_column_inner][vc_column_inner width=&#8221;1\/3&#8243;][vc_empty_space height=&#8221;30px&#8221;][\/vc_column_inner][\/vc_row_inner][vc_empty_space height=&#8221;20px&#8221;][\/vc_column][\/vc_row][vc_row full_width=&#8221;stretch_row&#8221; css=&#8221;.vc_custom_1761067927118{padding-top: 80px !important;padding-bottom: 50px !important;background-color: #dbdbdb !important;background-position: center !important;background-repeat: no-repeat !important;background-size: cover !important;}&#8221; el_class=&#8221;shadow&#8221;][vc_column][vc_row_inner][vc_column_inner width=&#8221;1\/12&#8243;][\/vc_column_inner][vc_column_inner width=&#8221;5\/6&#8243;][vc_custom_heading text=&#8221;T\u00dcM B\u0130NA [&hellip;]<\/p>\n","protected":false},"author":1,"featured_media":0,"parent":0,"menu_order":0,"comment_status":"closed","ping_status":"closed","template":"","meta":{"footnotes":""},"class_list":["post-910","page","type-page","status-publish","hentry"],"acf":[],"_links":{"self":[{"href":"https:\/\/meelcelevator.com\/index.php\/wp-json\/wp\/v2\/pages\/910","targetHints":{"allow":["GET"]}}],"collection":[{"href":"https:\/\/meelcelevator.com\/index.php\/wp-json\/wp\/v2\/pages"}],"about":[{"href":"https:\/\/meelcelevator.com\/index.php\/wp-json\/wp\/v2\/types\/page"}],"author":[{"embeddable":true,"href":"https:\/\/meelcelevator.com\/index.php\/wp-json\/wp\/v2\/users\/1"}],"replies":[{"embeddable":true,"href":"https:\/\/meelcelevator.com\/index.php\/wp-json\/wp\/v2\/comments?post=910"}],"version-history":[{"count":26,"href":"https:\/\/meelcelevator.com\/index.php\/wp-json\/wp\/v2\/pages\/910\/revisions"}],"predecessor-version":[{"id":2191,"href":"https:\/\/meelcelevator.com\/index.php\/wp-json\/wp\/v2\/pages\/910\/revisions\/2191"}],"wp:attachment":[{"href":"https:\/\/meelcelevator.com\/index.php\/wp-json\/wp\/v2\/media?parent=910"}],"curies":[{"name":"wp","href":"https:\/\/api.w.org\/{rel}","templated":true}]}}