{"id":2,"date":"2017-09-26T08:08:51","date_gmt":"2017-09-26T08:08:51","guid":{"rendered":"https:\/\/meelc.com\/\/?page_id=2"},"modified":"2025-10-21T21:21:39","modified_gmt":"2025-10-21T18:21:39","slug":"kurumsal","status":"publish","type":"page","link":"https:\/\/meelcelevator.com\/index.php\/kurumsal\/","title":{"rendered":"Kurumsal"},"content":{"rendered":"<p>[vc_row][vc_column][vc_empty_space height=&#8221;40px&#8221;][vc_custom_heading text=&#8221;Kurumsal&#8221; font_container=&#8221;tag:h2|text_align:center&#8221; use_theme_fonts=&#8221;yes&#8221;][vc_empty_space height=&#8221;20px&#8221;][vc_row_inner gap=&#8221;35&#8243;][vc_column_inner width=&#8221;1\/2&#8243;][vc_column_text]<\/p>\n<p style=\"text-align: justify;\">Meelc Asans\u00f6r kuruldu\u011fu g\u00fcnden itibaren asans\u00f6r sekt\u00f6r\u00fcn\u00fcn t\u00fcm sekt\u00f6rlerinde g\u00fcvenli, kaliteli ve yenilik\u00e7i teknolojileri kullanmay\u0131 ilke edinerek faaliyet g\u00f6stermektedir. Bu sekt\u00f6rde edindi\u011fimiz tecr\u00fcbenin \u00fczerine teknolojinin ve yenili\u011fin sa\u011flad\u0131\u011f\u0131 t\u00fcm olanaklar\u0131 ekleyerek, personelimize sundu\u011fumuz periyodik e\u011fitimlerle m\u00fc\u015fterilerimize sundu\u011fumuz hizmetleri destekliyoruz.<\/p>\n<p style=\"text-align: justify;\">Asans\u00f6rlerin her \u015feyden \u00f6nce kaliteli, g\u00fcvenli ve h\u0131zl\u0131 hizmet gerektirdi\u011fini bilerek, sekt\u00f6rde uzun y\u0131llara dayanan tecr\u00fcbeye sahip, yurt i\u00e7i ve yurt d\u0131\u015f\u0131nda perakende ve paket asans\u00f6r malzemeleri sat\u0131\u015f\u0131nda asans\u00f6r sekt\u00f6r\u00fcne kaliteli hizmet veren bir firmay\u0131z. Proje ne olursa olsun mutlaka bir \u00e7\u00f6z\u00fcm bulaca\u011f\u0131z.<\/p>\n<p style=\"text-align: justify;\">\u00c7\u00f6z\u00fcmlerimiz ile projelerdeki mevcut i\u015f ve zaman kay\u0131plar\u0131n\u0131 ortadan kald\u0131rarak asans\u00f6r sekt\u00f6r\u00fcnde fark yarat\u0131yoruz.<\/p>\n<p>[\/vc_column_text][vc_empty_space height=&#8221;20px&#8221;][\/vc_column_inner][vc_column_inner width=&#8221;1\/2&#8243;][vc_column_text]<strong>Bir\u00e7ok farkl\u0131 yenilik\u00e7i \u00fcr\u00fcne odaklan\u0131yoruz<\/strong><\/p>\n<p style=\"text-align: justify;\">Yenilik\u00e7i \u00fcr\u00fcn geli\u015ftirmeye \u00e7al\u0131\u015ft\u0131k ve MEELC firmas\u0131n\u0131n kuruldu\u011fu g\u00fcnden bu yana hala \u00e7al\u0131\u015f\u0131yoruz. M\u00fc\u015fterilerimizin istekleri bu s\u00fcre\u00e7te farkl\u0131 alternatiflerle kar\u015f\u0131la\u015fmam\u0131z\u0131 sa\u011flad\u0131. M\u00fc\u015fterilerden olumlu geri bildirimler ald\u0131\u011f\u0131m\u0131zda ilerlemeye motive oluyoruz. Ve b\u00f6ylece m\u00fc\u015fterilerimizin g\u00fcveniyle ileriye do\u011fru emin ad\u0131mlarla ilerliyoruz.<\/p>\n<ol>\n<li>F\u0130K\u0130R DE\u011e\u0130\u015e\u0130M\u0130: Temel fakt\u00f6rlerden biri, daha fazla ihtiya\u00e7 duyulan bir sorunu ortadan kald\u0131rmakt\u0131r. \u00c7\u00f6z\u00fcm odakl\u0131 olduklar\u0131 i\u00e7in insanlar. Bu nedenle fikir al\u0131\u015fveri\u015fi bizi biz yapan bir fakt\u00f6rd\u00fcr.<\/li>\n<li>G\u00dcVENL\u0130K : \u0130lkelerimizden biri, \u00f6ncelikle \u00e7al\u0131\u015fanlar\u0131m\u0131z\u0131n ve m\u00fc\u015fterilerimizin g\u00fcvenli\u011fini d\u00fc\u015f\u00fcnmektir. Bunun i\u00e7in periyodik olarak m\u00fc\u015fterilerimize seminerler d\u00fczenliyoruz.<\/li>\n<li>GLOBAL ETK\u0130: D\u00fcnyadaki son geli\u015fmeleri takip eden bir firma olarak ilerliyoruz.<\/li>\n<\/ol>\n<p>Asans\u00f6r pazar\u0131nda s\u0131radanl\u0131\u011f\u0131n hi\u00e7bir zaman kazan\u00e7 getirmedi\u011fini bilen, her \u015feyi \u00f6nceden planlayan bir firmay\u0131z.<\/p>\n<ol start=\"4\">\n<li>\u00c7\u00d6Z\u00dcM ODAKLI : &#8221;Sorunun par\u00e7as\u0131 olmak yerine \u00e7\u00f6z\u00fcm\u00fcn i\u00e7inde olmal\u0131y\u0131z&#8221; ilkesini benimsiyoruz. Bu nedenle olas\u0131 sorunlar\u0131 irdeleyerek \u00e7\u00f6zmek i\u00e7in titizlikle \u00e7al\u0131\u015f\u0131r\u0131z.<\/li>\n<\/ol>\n<p>[\/vc_column_text][vc_empty_space height=&#8221;20px&#8221;][\/vc_column_inner][\/vc_row_inner][\/vc_column][\/vc_row][vc_row][vc_column][vc_column_text]<\/p>\n<p style=\"text-align: center;\"><strong>Uzman ekiple profesyonel i\u015f s\u00fcreci&#8230;<\/strong><\/p>\n<p style=\"text-align: center;\">Asans\u00f6r detayl\u0131 ve \u00f6\u011frenmesi zor bir i\u015f oldu\u011fundan teklif&amp;proje,sipari\u015f,imalat ve sevkiyatta ya\u015fanabilecek sorunlar\u0131 en aza indirmek i\u00e7in uzman kadroyla \u00e7al\u0131\u015f\u0131yoruz. Her a\u015famada aksakl\u0131k olmas\u0131 durumunda ya bireysel bilgilendirme yapabiliyoruz ya da toplu olarak entegrasyon sa\u011flayabiliyoruz.<\/p>\n<p>[\/vc_column_text][\/vc_column][\/vc_row]<\/p>\n","protected":false},"excerpt":{"rendered":"<p>[vc_row][vc_column][vc_empty_space height=&#8221;40px&#8221;][vc_custom_heading text=&#8221;Kurumsal&#8221; font_container=&#8221;tag:h2|text_align:center&#8221; use_theme_fonts=&#8221;yes&#8221;][vc_empty_space height=&#8221;20px&#8221;][vc_row_inner gap=&#8221;35&#8243;][vc_column_inner width=&#8221;1\/2&#8243;][vc_column_text] Meelc Asans\u00f6r kuruldu\u011fu g\u00fcnden itibaren asans\u00f6r sekt\u00f6r\u00fcn\u00fcn t\u00fcm sekt\u00f6rlerinde g\u00fcvenli, kaliteli ve yenilik\u00e7i teknolojileri kullanmay\u0131 ilke edinerek faaliyet g\u00f6stermektedir. Bu sekt\u00f6rde edindi\u011fimiz tecr\u00fcbenin \u00fczerine teknolojinin ve yenili\u011fin sa\u011flad\u0131\u011f\u0131 t\u00fcm olanaklar\u0131 ekleyerek, personelimize sundu\u011fumuz periyodik e\u011fitimlerle m\u00fc\u015fterilerimize sundu\u011fumuz hizmetleri destekliyoruz. Asans\u00f6rlerin her \u015feyden \u00f6nce kaliteli, g\u00fcvenli ve h\u0131zl\u0131 [&hellip;]<\/p>\n","protected":false},"author":1,"featured_media":0,"parent":0,"menu_order":0,"comment_status":"closed","ping_status":"closed","template":"","meta":{"footnotes":""},"class_list":["post-2","page","type-page","status-publish","hentry"],"acf":[],"_links":{"self":[{"href":"https:\/\/meelcelevator.com\/index.php\/wp-json\/wp\/v2\/pages\/2","targetHints":{"allow":["GET"]}}],"collection":[{"href":"https:\/\/meelcelevator.com\/index.php\/wp-json\/wp\/v2\/pages"}],"about":[{"href":"https:\/\/meelcelevator.com\/index.php\/wp-json\/wp\/v2\/types\/page"}],"author":[{"embeddable":true,"href":"https:\/\/meelcelevator.com\/index.php\/wp-json\/wp\/v2\/users\/1"}],"replies":[{"embeddable":true,"href":"https:\/\/meelcelevator.com\/index.php\/wp-json\/wp\/v2\/comments?post=2"}],"version-history":[{"count":4,"href":"https:\/\/meelcelevator.com\/index.php\/wp-json\/wp\/v2\/pages\/2\/revisions"}],"predecessor-version":[{"id":1804,"href":"https:\/\/meelcelevator.com\/index.php\/wp-json\/wp\/v2\/pages\/2\/revisions\/1804"}],"wp:attachment":[{"href":"https:\/\/meelcelevator.com\/index.php\/wp-json\/wp\/v2\/media?parent=2"}],"curies":[{"name":"wp","href":"https:\/\/api.w.org\/{rel}","templated":true}]}}