{"id":1905,"date":"2025-11-03T11:48:05","date_gmt":"2025-11-03T08:48:05","guid":{"rendered":"https:\/\/meelc.com\/?page_id=1905"},"modified":"2025-11-03T11:50:51","modified_gmt":"2025-11-03T08:50:51","slug":"yuk-asansorleri","status":"publish","type":"page","link":"https:\/\/meelcelevator.com\/index.php\/yuk-asansorleri\/","title":{"rendered":"Y\u00fck Asans\u00f6rleri"},"content":{"rendered":"<p>[vc_row][vc_column width=&#8221;1\/2&#8243;][vc_column_text]<\/p>\n<p style=\"text-align: justify;\">Y\u00fck asans\u00f6rleri en yayg\u0131n kullan\u0131lan kald\u0131rma sistemlerindendir. Y\u00fcklerin bir kald\u0131rma sistemi ile ta\u015f\u0131nabilmesi, y\u00fck asans\u00f6rlerinin insan hayat\u0131n\u0131 kolayla\u015ft\u0131ran \u00f6nemli bir kald\u0131rma sistemi olmas\u0131n\u0131 sa\u011fl\u0131yor. Y\u00fck asans\u00f6r\u00fc olarak tan\u0131mlanmas\u0131na ra\u011fmen kald\u0131rma sistemleri kategorisinde \u00fcretilen bir asans\u00f6r \u00e7e\u015fididir.<\/p>\n<p style=\"text-align: justify;\">G\u00fcn\u00fcm\u00fczde yap\u0131lar y\u00fckselmekte, al\u0131\u015fveri\u015f merkezlerinin, fabrikalar\u0131n, depolar\u0131n, otoparklar\u0131n say\u0131s\u0131 artmaktad\u0131r. Bu tipteki yap\u0131larda e\u015fya veya y\u00fck ta\u015f\u0131mak olduk\u00e7a fazlad\u0131r. E\u015fya veya y\u00fcklerin kolayca dikey y\u00f6nde ta\u015f\u0131nabilmesi i\u00e7in y\u00fck asans\u00f6rleri \u00fcretilmektedir. Y\u00fck asans\u00f6rlerinin \u00e7al\u0131\u015fma sistemi hidrolik asans\u00f6rlerle benzerlik g\u00f6stermektedir.<\/p>\n<p style=\"text-align: justify;\">Y\u00fck asans\u00f6rleri ta\u015f\u0131ma kapasitelerine, kullan\u0131m ama\u00e7lar\u0131na ve \u00fcretim \u015fekillerine g\u00f6re farkl\u0131 \u00f6zelliklerde \u00fcretilmektedir. Y\u00fck asans\u00f6rlerinde konfor ve h\u0131zdan daha \u00e7ok ta\u015f\u0131ma kapasitesi ve ihtiya\u00e7lar\u0131 kar\u015f\u0131layabilme \u00f6zelli\u011fi \u00f6nemlidir. Kullan\u0131m yerinin ihtiyac\u0131 olan ta\u015f\u0131ma kapasitesi \u00fcretimi etkileyen en \u00f6nemli de\u011ferdir. Y\u00fck asans\u00f6rleri kullan\u0131m ama\u00e7lar\u0131na g\u00f6re 630 kg ile 15.000 kg aras\u0131 ta\u015f\u0131ma kapasiteli \u00fcretilmektedir. Ta\u015f\u0131ma kapasitesinin de\u011ferine g\u00f6re kabin ebatlar\u0131 ve kuyu ebatlar\u0131 belirlenir. Ayn\u0131 zamanda durak kap\u0131lar\u0131n\u0131n geni\u015fli\u011fi ve y\u00fcksekli\u011fi belirlenir. Y\u00fck asans\u00f6rlerinin tasar\u0131m\u0131nda ta\u015f\u0131ma kapasitesinin ka\u00e7 kg olaca\u011f\u0131 etkilidir.<\/p>\n<p style=\"text-align: justify;\">Y\u00fck asans\u00f6rlerinin, kullan\u0131m durumlar\u0131na g\u00f6re pistonlu y\u00fck asans\u00f6r\u00fc, halatl\u0131 y\u00fck asans\u00f6r\u00fc, makasl\u0131 y\u00fck asans\u00f6r\u00fc, rampal\u0131 y\u00fck asans\u00f6r\u00fc olarak de\u011fi\u015fik modelleri bulunmaktad\u0131r. Y\u00fck asans\u00f6r\u00fcn\u00fcn kap\u0131lar\u0131n\u0131 asans\u00f6r sisteminin ihtiya\u00e7 ve tercihe ba\u011fl\u0131 olarak belirleyip uygulamaktay\u0131z. Kap\u0131 y\u00fcksekliklerini tasar\u0131ma ve kullan\u0131m yerine g\u00f6re planlar\u0131z.<\/p>\n<p>[\/vc_column_text][\/vc_column][vc_column width=&#8221;1\/2&#8243;][vc_single_image image=&#8221;1915&#8243; img_size=&#8221;full&#8221;][\/vc_column][\/vc_row]<\/p>\n","protected":false},"excerpt":{"rendered":"<p>[vc_row][vc_column width=&#8221;1\/2&#8243;][vc_column_text] Y\u00fck asans\u00f6rleri en yayg\u0131n kullan\u0131lan kald\u0131rma sistemlerindendir. Y\u00fcklerin bir kald\u0131rma sistemi ile ta\u015f\u0131nabilmesi, y\u00fck asans\u00f6rlerinin insan hayat\u0131n\u0131 kolayla\u015ft\u0131ran \u00f6nemli bir kald\u0131rma sistemi olmas\u0131n\u0131 sa\u011fl\u0131yor. Y\u00fck asans\u00f6r\u00fc olarak tan\u0131mlanmas\u0131na ra\u011fmen kald\u0131rma sistemleri kategorisinde \u00fcretilen bir asans\u00f6r \u00e7e\u015fididir. G\u00fcn\u00fcm\u00fczde yap\u0131lar y\u00fckselmekte, al\u0131\u015fveri\u015f merkezlerinin, fabrikalar\u0131n, depolar\u0131n, otoparklar\u0131n say\u0131s\u0131 artmaktad\u0131r. Bu tipteki yap\u0131larda e\u015fya veya y\u00fck ta\u015f\u0131mak [&hellip;]<\/p>\n","protected":false},"author":1,"featured_media":0,"parent":0,"menu_order":0,"comment_status":"closed","ping_status":"closed","template":"","meta":{"footnotes":""},"class_list":["post-1905","page","type-page","status-publish","hentry"],"acf":[],"_links":{"self":[{"href":"https:\/\/meelcelevator.com\/index.php\/wp-json\/wp\/v2\/pages\/1905","targetHints":{"allow":["GET"]}}],"collection":[{"href":"https:\/\/meelcelevator.com\/index.php\/wp-json\/wp\/v2\/pages"}],"about":[{"href":"https:\/\/meelcelevator.com\/index.php\/wp-json\/wp\/v2\/types\/page"}],"author":[{"embeddable":true,"href":"https:\/\/meelcelevator.com\/index.php\/wp-json\/wp\/v2\/users\/1"}],"replies":[{"embeddable":true,"href":"https:\/\/meelcelevator.com\/index.php\/wp-json\/wp\/v2\/comments?post=1905"}],"version-history":[{"count":3,"href":"https:\/\/meelcelevator.com\/index.php\/wp-json\/wp\/v2\/pages\/1905\/revisions"}],"predecessor-version":[{"id":1916,"href":"https:\/\/meelcelevator.com\/index.php\/wp-json\/wp\/v2\/pages\/1905\/revisions\/1916"}],"wp:attachment":[{"href":"https:\/\/meelcelevator.com\/index.php\/wp-json\/wp\/v2\/media?parent=1905"}],"curies":[{"name":"wp","href":"https:\/\/api.w.org\/{rel}","templated":true}]}}