{"id":1899,"date":"2025-11-03T11:47:15","date_gmt":"2025-11-03T08:47:15","guid":{"rendered":"https:\/\/meelc.com\/?page_id=1899"},"modified":"2025-11-03T11:53:20","modified_gmt":"2025-11-03T08:53:20","slug":"insan-asansorleri","status":"publish","type":"page","link":"https:\/\/meelcelevator.com\/index.php\/insan-asansorleri\/","title":{"rendered":"\u0130nsan Asans\u00f6rleri"},"content":{"rendered":"<p>[vc_row][vc_column width=&#8221;1\/2&#8243;][vc_column_text]<\/p>\n<p style=\"text-align: justify;\">\u0130nsan asans\u00f6rleri, binalar\u0131n projelendirilme a\u015famas\u0131nda yap\u0131lan trafik hesaplamalar\u0131na ve asans\u00f6r avam projelerine uygun olarak imal edilmelidirler.<\/p>\n<p style=\"text-align: justify;\">\u0130nsan asans\u00f6rlerinde dikkat edilecek en \u00f6nemli unsurlardan biri; asans\u00f6r\u00fcn ta\u015f\u0131ma kapasitesi, asans\u00f6r seyir h\u0131z\u0131 ve trafik hesaplamalar\u0131na g\u00f6re en uygun olan mekanik ya da hidrolik asans\u00f6r\u00fcn \u00fcretilece\u011fidir.<\/p>\n<p style=\"text-align: justify;\">\u0130nsan asans\u00f6rlerin de, kullan\u0131m yerine g\u00f6re konfor, kabin i\u00e7 dekorasyonu ve hijyen \u00f6nem ta\u015f\u0131maktad\u0131r. Asans\u00f6r kabinleri, kullan\u0131c\u0131lar\u0131n tercihlerine g\u00f6re laminant, ah\u015fap, paslanmaz, lamine cam gibi \u00e7e\u015fitli materyaller ile dekore edilebilir. Geli\u015fen teknoloji ile birlikte asans\u00f6rler, otomatik kap\u0131l\u0131, dokunmatik butonlu v.b. gibi farkl\u0131 \u00f6zelliklerde tasarlanarak \u015f\u0131kl\u0131k ve g\u00f6rsellik a\u00e7\u0131s\u0131ndan zenginlik sunabilmektedirler.<\/p>\n<p style=\"text-align: justify;\"><strong>\u0130nsan Asans\u00f6rlerinin En \u00c7ok Kullan\u0131ld\u0131\u011f\u0131 Yerler<\/strong><\/p>\n<ol style=\"text-align: justify;\">\n<li>Konutlar<\/li>\n<li>Hastaneler<\/li>\n<li>Okullar<\/li>\n<li>\u0130\u015f Merkezleri, Ofisler<\/li>\n<li>Kamu Kurumlar\u0131<\/li>\n<li>M\u00fcstakil Evler<\/li>\n<li>Al\u0131\u015fveri\u015f Merkezleri<\/li>\n<li>Oteller<\/li>\n<li>Plazalar<\/li>\n<li>Rezidans<\/li>\n<\/ol>\n<p style=\"text-align: justify;\">\u0130nsan asans\u00f6rlerinin modelleri ve \u00fcretim \u00f6zellikleri ta\u015f\u0131ma kapasitelerine ve kullan\u0131m yerindeki kat say\u0131s\u0131na g\u00f6re farkl\u0131l\u0131k g\u00f6stermektedir. Asans\u00f6r\u00fc kullanmas\u0131 beklenen ki\u015fi say\u0131s\u0131 ve kilo bilgisine g\u00f6re asans\u00f6r sistemi belirlenir. Kilo bilgisi asans\u00f6r\u00fcn ta\u015f\u0131ma kapasitesi olarak tan\u0131mlanmaktad\u0131r. \u0130nsan asans\u00f6r\u00fcn\u00fcn tasar\u0131m\u0131nda \u00e7ok etkili bir parametredir.<\/p>\n<p style=\"text-align: justify;\"><strong>\u00d6nemli!<\/strong>\u00a0\u0130nsan asans\u00f6r\u00fcn\u00fcz\u00fc mutlaka, yetkili asans\u00f6r bak\u0131m firmalar\u0131 taraf\u0131ndan periyodik ve genel asans\u00f6r bak\u0131m\u0131 yapt\u0131r\u0131lmal\u0131d\u0131r.<\/p>\n<p style=\"text-align: justify;\">\u0130nsan hayat\u0131 her \u015feyden \u00f6nemli ve de\u011ferlidir.<\/p>\n<p>[\/vc_column_text][\/vc_column][vc_column width=&#8221;1\/2&#8243;][vc_single_image image=&#8221;1921&#8243; img_size=&#8221;full&#8221;][\/vc_column][\/vc_row]<\/p>\n","protected":false},"excerpt":{"rendered":"<p>[vc_row][vc_column width=&#8221;1\/2&#8243;][vc_column_text] \u0130nsan asans\u00f6rleri, binalar\u0131n projelendirilme a\u015famas\u0131nda yap\u0131lan trafik hesaplamalar\u0131na ve asans\u00f6r avam projelerine uygun olarak imal edilmelidirler. \u0130nsan asans\u00f6rlerinde dikkat edilecek en \u00f6nemli unsurlardan biri; asans\u00f6r\u00fcn ta\u015f\u0131ma kapasitesi, asans\u00f6r seyir h\u0131z\u0131 ve trafik hesaplamalar\u0131na g\u00f6re en uygun olan mekanik ya da hidrolik asans\u00f6r\u00fcn \u00fcretilece\u011fidir. \u0130nsan asans\u00f6rlerin de, kullan\u0131m yerine g\u00f6re konfor, kabin i\u00e7 dekorasyonu [&hellip;]<\/p>\n","protected":false},"author":1,"featured_media":0,"parent":0,"menu_order":0,"comment_status":"closed","ping_status":"closed","template":"","meta":{"footnotes":""},"class_list":["post-1899","page","type-page","status-publish","hentry"],"acf":[],"_links":{"self":[{"href":"https:\/\/meelcelevator.com\/index.php\/wp-json\/wp\/v2\/pages\/1899","targetHints":{"allow":["GET"]}}],"collection":[{"href":"https:\/\/meelcelevator.com\/index.php\/wp-json\/wp\/v2\/pages"}],"about":[{"href":"https:\/\/meelcelevator.com\/index.php\/wp-json\/wp\/v2\/types\/page"}],"author":[{"embeddable":true,"href":"https:\/\/meelcelevator.com\/index.php\/wp-json\/wp\/v2\/users\/1"}],"replies":[{"embeddable":true,"href":"https:\/\/meelcelevator.com\/index.php\/wp-json\/wp\/v2\/comments?post=1899"}],"version-history":[{"count":3,"href":"https:\/\/meelcelevator.com\/index.php\/wp-json\/wp\/v2\/pages\/1899\/revisions"}],"predecessor-version":[{"id":1920,"href":"https:\/\/meelcelevator.com\/index.php\/wp-json\/wp\/v2\/pages\/1899\/revisions\/1920"}],"wp:attachment":[{"href":"https:\/\/meelcelevator.com\/index.php\/wp-json\/wp\/v2\/media?parent=1899"}],"curies":[{"name":"wp","href":"https:\/\/api.w.org\/{rel}","templated":true}]}}