{"id":1897,"date":"2025-11-03T11:46:57","date_gmt":"2025-11-03T08:46:57","guid":{"rendered":"https:\/\/meelc.com\/?page_id=1897"},"modified":"2025-11-03T11:55:58","modified_gmt":"2025-11-03T08:55:58","slug":"hastane-asansorleri","status":"publish","type":"page","link":"https:\/\/meelcelevator.com\/index.php\/hastane-asansorleri\/","title":{"rendered":"Hastane Asans\u00f6rleri"},"content":{"rendered":"<p>[vc_row][vc_column width=&#8221;1\/2&#8243;][vc_column_text]<\/p>\n<p style=\"text-align: justify;\">Hastane asans\u00f6rleri hastalar\u0131n g\u00fcvenli ve konforlu bir \u015fekilde yatar pozisyonda sedye \u00fczerinde ta\u015f\u0131nmas\u0131 i\u00e7in tasarlanan ve \u00fcretilen asans\u00f6r tipleridir. Sedye asans\u00f6r\u00fc olarak da tan\u0131mlanmaktad\u0131r. Sa\u011fl\u0131k kurulu\u015flar\u0131nda asans\u00f6r geni\u015f bir kabinle dikey y\u00f6nde ta\u015f\u0131ma i\u015flemini ger\u00e7ekle\u015ftirmektedir.<\/p>\n<p style=\"text-align: justify;\">Hastaneler, sa\u011fl\u0131k kurulu\u015flar\u0131 ve bak\u0131m evleri i\u00e7in \u00fcretilen asans\u00f6r tipleridir. Hem y\u00f6netmeli\u011fe uygun olmal\u0131d\u0131r. Hem de sa\u011fl\u0131k bakanl\u0131\u011f\u0131n\u0131n belirlemi\u015f oldu\u011fu kriterlere uygun olmal\u0131d\u0131r. Hastaneler ile di\u011fer sa\u011fl\u0131k kurulu\u015flar\u0131 aras\u0131nda ebat vb. farkl\u0131 \u00f6zellikler bulunmamaktad\u0131r. S\u00f6z konusu sa\u011fl\u0131k. Bu y\u00fczden t\u00fcm sa\u011fl\u0131k kurulu\u015flar\u0131nda sedye asans\u00f6rleri ile ilgili kriterler ayn\u0131d\u0131r.<\/p>\n<p style=\"text-align: justify;\">Hastane asans\u00f6rlerinin di\u011fer tipteki asans\u00f6rlerin \u00e7al\u0131\u015fma sistemine g\u00f6re farkl\u0131l\u0131klar\u0131 vard\u0131r. \u00c7ok dayan\u0131kl\u0131 malzemelerden olmas\u0131, konforlu olmas\u0131, hijyenik ko\u015fullar\u0131 uzun s\u00fcre koruyacak bir kabin tasar\u0131m\u0131n\u0131n olmas\u0131, \u00e7a\u011fr\u0131 sistemlerinin olmas\u0131 ve eri\u015filebilirlik ko\u015fullar\u0131n\u0131n olmas\u0131 gibi \u00f6nemli kriterleri bulunan asans\u00f6r tipleridir.<\/p>\n<p style=\"text-align: justify;\">Hastane asans\u00f6r\u00fcn\u00fcn boyutu, en az 1 sedye ile 1 refakat\u00e7i ta\u015f\u0131yabilecek standartta olmal\u0131d\u0131r. Sedye asans\u00f6r kabinleri, sa\u011fl\u0131k a\u00e7\u0131s\u0131ndan hijyen kurallar\u0131na uygun olmal\u0131 ve anti bakteriyel \u00f6nlemler al\u0131nmal\u0131d\u0131r. Hasta asans\u00f6r\u00fc olarak da bilinen sedye asans\u00f6rlerinin, i\u00e7 dekorasyonu paslanmaz olarak tasarlan\u0131r ve \u0131\u015f\u0131k seviyesi hastay\u0131 rahats\u0131z etmeyecek d\u00fczeyde olmal\u0131d\u0131r. Sedye asans\u00f6r kabin butonlar\u0131 di\u011fer asans\u00f6rlere oranla daha a\u015fa\u011f\u0131dad\u0131r ve kap\u0131larda normalden daha geni\u015ftir. Elektrik kesintilerine kar\u015f\u0131 gerekli \u00f6nlemler al\u0131nm\u0131\u015f olmal\u0131d\u0131r.<\/p>\n<p>[\/vc_column_text][\/vc_column][vc_column width=&#8221;1\/2&#8243;][vc_single_image image=&#8221;1926&#8243; img_size=&#8221;full&#8221;][\/vc_column][\/vc_row]<\/p>\n","protected":false},"excerpt":{"rendered":"<p>[vc_row][vc_column width=&#8221;1\/2&#8243;][vc_column_text] Hastane asans\u00f6rleri hastalar\u0131n g\u00fcvenli ve konforlu bir \u015fekilde yatar pozisyonda sedye \u00fczerinde ta\u015f\u0131nmas\u0131 i\u00e7in tasarlanan ve \u00fcretilen asans\u00f6r tipleridir. Sedye asans\u00f6r\u00fc olarak da tan\u0131mlanmaktad\u0131r. Sa\u011fl\u0131k kurulu\u015flar\u0131nda asans\u00f6r geni\u015f bir kabinle dikey y\u00f6nde ta\u015f\u0131ma i\u015flemini ger\u00e7ekle\u015ftirmektedir. Hastaneler, sa\u011fl\u0131k kurulu\u015flar\u0131 ve bak\u0131m evleri i\u00e7in \u00fcretilen asans\u00f6r tipleridir. Hem y\u00f6netmeli\u011fe uygun olmal\u0131d\u0131r. Hem de sa\u011fl\u0131k bakanl\u0131\u011f\u0131n\u0131n [&hellip;]<\/p>\n","protected":false},"author":1,"featured_media":0,"parent":0,"menu_order":0,"comment_status":"closed","ping_status":"closed","template":"","meta":{"footnotes":""},"class_list":["post-1897","page","type-page","status-publish","hentry"],"acf":[],"_links":{"self":[{"href":"https:\/\/meelcelevator.com\/index.php\/wp-json\/wp\/v2\/pages\/1897","targetHints":{"allow":["GET"]}}],"collection":[{"href":"https:\/\/meelcelevator.com\/index.php\/wp-json\/wp\/v2\/pages"}],"about":[{"href":"https:\/\/meelcelevator.com\/index.php\/wp-json\/wp\/v2\/types\/page"}],"author":[{"embeddable":true,"href":"https:\/\/meelcelevator.com\/index.php\/wp-json\/wp\/v2\/users\/1"}],"replies":[{"embeddable":true,"href":"https:\/\/meelcelevator.com\/index.php\/wp-json\/wp\/v2\/comments?post=1897"}],"version-history":[{"count":3,"href":"https:\/\/meelcelevator.com\/index.php\/wp-json\/wp\/v2\/pages\/1897\/revisions"}],"predecessor-version":[{"id":1928,"href":"https:\/\/meelcelevator.com\/index.php\/wp-json\/wp\/v2\/pages\/1897\/revisions\/1928"}],"wp:attachment":[{"href":"https:\/\/meelcelevator.com\/index.php\/wp-json\/wp\/v2\/media?parent=1897"}],"curies":[{"name":"wp","href":"https:\/\/api.w.org\/{rel}","templated":true}]}}