{"id":1888,"date":"2025-11-03T11:44:47","date_gmt":"2025-11-03T08:44:47","guid":{"rendered":"https:\/\/meelc.com\/?page_id=1888"},"modified":"2025-11-03T12:02:12","modified_gmt":"2025-11-03T09:02:12","slug":"makine-dairesiz-asansorler","status":"publish","type":"page","link":"https:\/\/meelcelevator.com\/index.php\/makine-dairesiz-asansorler\/","title":{"rendered":"Makine Dairesiz Asans\u00f6rler"},"content":{"rendered":"<p>[vc_row][vc_column width=&#8221;1\/2&#8243;][vc_column_text]<\/p>\n<p style=\"text-align: justify;\">MRL Asans\u00f6r Faydalar\u0131; MRL&#8217;ler, di\u015fsiz makineyi do\u011frudan asans\u00f6r kuyusuna yerle\u015ftirerek alan tasarrufu sa\u011flar. Bir \u00e7at\u0131daki makine odas\u0131na ihtiya\u00e7 yoktur, bu potansiyel olarak bina in\u015fa maliyetlerini d\u00fc\u015f\u00fcr\u00fcr. MRL&#8217;lerin di\u015fsiz makine ve kar\u015f\u0131t a\u011f\u0131rl\u0131k yap\u0131s\u0131 enerji verimlili\u011fini art\u0131r\u0131r ve yolcular i\u00e7in sessiz ve d\u00fczg\u00fcn bir yolculuk sa\u011flar.<\/p>\n<p style=\"text-align: justify;\">Bu sistemdeki asans\u00f6rler, \u00e7o\u011funlukla konut, otob\u00fcs terminalleri, havaalanlar\u0131, \u00e7ok katl\u0131 i\u015f merkezi ve ma\u011fazalar, al\u0131\u015fveri\u015f merkezleri ile k\u00fclt\u00fcr, sa\u011fl\u0131k ve e\u011fitim hizmeti verilen yap\u0131larda kullan\u0131lmaktad\u0131r.<\/p>\n<p style=\"text-align: justify;\">Mimarlar ve yap\u0131 tasar\u0131mc\u0131lar\u0131, enerji etkinli\u011fi, kullan\u0131m alan\u0131nda tasarruf, keyif ve konfor a\u00e7\u0131s\u0131ndan makine dairesiz asans\u00f6rleri daha \u00e7ok tercih etmektedirler.<\/p>\n<p style=\"text-align: justify;\">Makine dairesiz asans\u00f6rlerin avantajlar\u0131:<\/p>\n<ul>\n<li style=\"text-align: justify;\">Yap\u0131 i\u00e7ersinde daha az yer kaplamas\u0131 nedeniyle alanda tasarruf sa\u011flar.<\/li>\n<li style=\"text-align: justify;\">Kolayca uygulanabilir oldu\u011fu i\u00e7in her yap\u0131ya uygundur<\/li>\n<li style=\"text-align: justify;\">%40 enerji tasarrufu sa\u011flad\u0131\u011f\u0131 i\u00e7in ekonomiktir<\/li>\n<li style=\"text-align: justify;\">Di\u015flisiz asans\u00f6r makinesi sayesinde, g\u00fcr\u00fclt\u00fc kirlili\u011fini ortadan kald\u0131r\u0131r<\/li>\n<li style=\"text-align: justify;\">Di\u015flisiz makinalar\u0131n \u00e7al\u0131\u015fma \u015fekli son derece g\u00fcvenilir, sessiz ve sars\u0131nt\u0131s\u0131zd\u0131r<\/li>\n<li style=\"text-align: justify;\">Yo\u011fun insan trafi\u011fi olan yap\u0131lar i\u00e7in uygundur<\/li>\n<li style=\"text-align: justify;\">Yap\u0131n\u0131n statik y\u00fck\u00fcne ekstra y\u00fck getirmez<\/li>\n<\/ul>\n<p>[\/vc_column_text][\/vc_column][vc_column width=&#8221;1\/2&#8243;][vc_single_image image=&#8221;1940&#8243; img_size=&#8221;full&#8221;][\/vc_column][\/vc_row]<\/p>\n","protected":false},"excerpt":{"rendered":"<p>[vc_row][vc_column width=&#8221;1\/2&#8243;][vc_column_text] MRL Asans\u00f6r Faydalar\u0131; MRL&#8217;ler, di\u015fsiz makineyi do\u011frudan asans\u00f6r kuyusuna yerle\u015ftirerek alan tasarrufu sa\u011flar. Bir \u00e7at\u0131daki makine odas\u0131na ihtiya\u00e7 yoktur, bu potansiyel olarak bina in\u015fa maliyetlerini d\u00fc\u015f\u00fcr\u00fcr. MRL&#8217;lerin di\u015fsiz makine ve kar\u015f\u0131t a\u011f\u0131rl\u0131k yap\u0131s\u0131 enerji verimlili\u011fini art\u0131r\u0131r ve yolcular i\u00e7in sessiz ve d\u00fczg\u00fcn bir yolculuk sa\u011flar. Bu sistemdeki asans\u00f6rler, \u00e7o\u011funlukla konut, otob\u00fcs terminalleri, havaalanlar\u0131, [&hellip;]<\/p>\n","protected":false},"author":1,"featured_media":0,"parent":0,"menu_order":0,"comment_status":"closed","ping_status":"closed","template":"","meta":{"footnotes":""},"class_list":["post-1888","page","type-page","status-publish","hentry"],"acf":[],"_links":{"self":[{"href":"https:\/\/meelcelevator.com\/index.php\/wp-json\/wp\/v2\/pages\/1888","targetHints":{"allow":["GET"]}}],"collection":[{"href":"https:\/\/meelcelevator.com\/index.php\/wp-json\/wp\/v2\/pages"}],"about":[{"href":"https:\/\/meelcelevator.com\/index.php\/wp-json\/wp\/v2\/types\/page"}],"author":[{"embeddable":true,"href":"https:\/\/meelcelevator.com\/index.php\/wp-json\/wp\/v2\/users\/1"}],"replies":[{"embeddable":true,"href":"https:\/\/meelcelevator.com\/index.php\/wp-json\/wp\/v2\/comments?post=1888"}],"version-history":[{"count":3,"href":"https:\/\/meelcelevator.com\/index.php\/wp-json\/wp\/v2\/pages\/1888\/revisions"}],"predecessor-version":[{"id":1942,"href":"https:\/\/meelcelevator.com\/index.php\/wp-json\/wp\/v2\/pages\/1888\/revisions\/1942"}],"wp:attachment":[{"href":"https:\/\/meelcelevator.com\/index.php\/wp-json\/wp\/v2\/media?parent=1888"}],"curies":[{"name":"wp","href":"https:\/\/api.w.org\/{rel}","templated":true}]}}