{"id":1874,"date":"2025-11-03T11:42:08","date_gmt":"2025-11-03T08:42:08","guid":{"rendered":"https:\/\/meelc.com\/?page_id=1874"},"modified":"2025-11-03T12:08:33","modified_gmt":"2025-11-03T09:08:33","slug":"teknik-servis","status":"publish","type":"page","link":"https:\/\/meelcelevator.com\/index.php\/teknik-servis\/","title":{"rendered":"Teknik Servis"},"content":{"rendered":"<p>[vc_row][vc_column width=&#8221;1\/2&#8243;][vc_column_text]Sat\u0131\u015f\u0131n\u0131 ger\u00e7ekle\u015ftirdi\u011fimiz komple asans\u00f6rler ya da malzemeler i\u00e7in teknik destek vermekteyiz. \u00d6zellikle yurtd\u0131\u015f\u0131 m\u00fc\u015fterilerimize montaj ve asans\u00f6r\u00fc devreye alma i\u015flemlerinde h\u0131zl\u0131 ve pratik \u00e7\u00f6z\u00fcmler sunmaktay\u0131z.<\/p>\n<p>Yurtd\u0131\u015f\u0131 m\u00fc\u015fterilerimize \u00fccret kar\u015f\u0131l\u0131\u011f\u0131nda montaj deste\u011fi de sa\u011flamaktay\u0131z.[\/vc_column_text][\/vc_column][vc_column width=&#8221;1\/2&#8243;][vc_single_image image=&#8221;1949&#8243; img_size=&#8221;full&#8221;][\/vc_column][\/vc_row]<\/p>\n","protected":false},"excerpt":{"rendered":"<p>[vc_row][vc_column width=&#8221;1\/2&#8243;][vc_column_text]Sat\u0131\u015f\u0131n\u0131 ger\u00e7ekle\u015ftirdi\u011fimiz komple asans\u00f6rler ya da malzemeler i\u00e7in teknik destek vermekteyiz. \u00d6zellikle yurtd\u0131\u015f\u0131 m\u00fc\u015fterilerimize montaj ve asans\u00f6r\u00fc devreye alma i\u015flemlerinde h\u0131zl\u0131 ve pratik \u00e7\u00f6z\u00fcmler sunmaktay\u0131z. Yurtd\u0131\u015f\u0131 m\u00fc\u015fterilerimize \u00fccret kar\u015f\u0131l\u0131\u011f\u0131nda montaj deste\u011fi de sa\u011flamaktay\u0131z.[\/vc_column_text][\/vc_column][vc_column width=&#8221;1\/2&#8243;][vc_single_image image=&#8221;1949&#8243; img_size=&#8221;full&#8221;][\/vc_column][\/vc_row]<\/p>\n","protected":false},"author":1,"featured_media":0,"parent":0,"menu_order":0,"comment_status":"closed","ping_status":"closed","template":"","meta":{"footnotes":""},"class_list":["post-1874","page","type-page","status-publish","hentry"],"acf":[],"_links":{"self":[{"href":"https:\/\/meelcelevator.com\/index.php\/wp-json\/wp\/v2\/pages\/1874","targetHints":{"allow":["GET"]}}],"collection":[{"href":"https:\/\/meelcelevator.com\/index.php\/wp-json\/wp\/v2\/pages"}],"about":[{"href":"https:\/\/meelcelevator.com\/index.php\/wp-json\/wp\/v2\/types\/page"}],"author":[{"embeddable":true,"href":"https:\/\/meelcelevator.com\/index.php\/wp-json\/wp\/v2\/users\/1"}],"replies":[{"embeddable":true,"href":"https:\/\/meelcelevator.com\/index.php\/wp-json\/wp\/v2\/comments?post=1874"}],"version-history":[{"count":3,"href":"https:\/\/meelcelevator.com\/index.php\/wp-json\/wp\/v2\/pages\/1874\/revisions"}],"predecessor-version":[{"id":1951,"href":"https:\/\/meelcelevator.com\/index.php\/wp-json\/wp\/v2\/pages\/1874\/revisions\/1951"}],"wp:attachment":[{"href":"https:\/\/meelcelevator.com\/index.php\/wp-json\/wp\/v2\/media?parent=1874"}],"curies":[{"name":"wp","href":"https:\/\/api.w.org\/{rel}","templated":true}]}}