{"id":1872,"date":"2025-11-03T11:41:43","date_gmt":"2025-11-03T08:41:43","guid":{"rendered":"https:\/\/meelc.com\/?page_id=1872"},"modified":"2025-11-03T12:13:20","modified_gmt":"2025-11-03T09:13:20","slug":"paket-asansor-cozumleri","status":"publish","type":"page","link":"https:\/\/meelcelevator.com\/index.php\/paket-asansor-cozumleri\/","title":{"rendered":"Paket Asans\u00f6r \u00c7\u00f6z\u00fcmleri"},"content":{"rendered":"<p>[vc_row][vc_column width=&#8221;1\/2&#8243;][vc_column_text]<\/p>\n<p style=\"text-align: justify;\">MEELC Asans\u00f6r, \u00fcretmi\u015f oldu\u011fu asans\u00f6r kabini ve aksamlar\u0131n\u0131n yan\u0131nda i\u015f ortaklar\u0131na farkl\u0131 \u00f6zelliklerde paket asans\u00f6r se\u00e7enekleri sunarak, m\u00fc\u015fteri memnuniyetini en \u00fcst noktada tutmay\u0131 ba\u015farm\u0131\u015ft\u0131r.<\/p>\n<p style=\"text-align: justify;\">Bu sayede, sadece asans\u00f6r kabin sat\u0131\u015f\u0131 de\u011fil, asans\u00f6r kullan\u0131lacak yap\u0131ya ait gereken t\u00fcm asans\u00f6r komponentlerini, i\u015f ortaklar\u0131m\u0131z\u0131n de\u011fi\u015fik isteklerine, tercihlerine ve asans\u00f6r kullan\u0131lacak yap\u0131n\u0131n durumuna g\u00f6re en uygun \u015fekilde olu\u015fturarak paket asans\u00f6r se\u00e7enekleri sunmaktay\u0131z.<\/p>\n<p style=\"text-align: justify;\">\u0130\u015f ortaklar\u0131m\u0131z\u0131n paket asans\u00f6r se\u00e7iminde dikkat etmesi gereken en \u00f6nemli fakt\u00f6rler, asans\u00f6r kurulumu yap\u0131lacak yap\u0131n\u0131n durumu ve asans\u00f6r\u00fcn ne ama\u00e7la kullan\u0131laca\u011f\u0131d\u0131r. Do\u011fru asans\u00f6r paket se\u00e7imi halinde, kullan\u0131lan asans\u00f6r y\u00fcksek performans g\u00f6sterir ve amaca uygun verimlilik sa\u011flar. \u0130\u015f ortaklar\u0131m\u0131za sunmu\u015f oldu\u011fumuz \u00e7\u00f6z\u00fcm odakl\u0131 ve ekonomik asans\u00f6r paketleri ile memnuniyetlerini bir kat daha artt\u0131rmak amac\u0131m\u0131zd\u0131r.<\/p>\n<p>[\/vc_column_text][\/vc_column][vc_column width=&#8221;1\/2&#8243;][vc_single_image image=&#8221;1959&#8243; img_size=&#8221;full&#8221;][\/vc_column][\/vc_row]<\/p>\n","protected":false},"excerpt":{"rendered":"<p>[vc_row][vc_column width=&#8221;1\/2&#8243;][vc_column_text] MEELC Asans\u00f6r, \u00fcretmi\u015f oldu\u011fu asans\u00f6r kabini ve aksamlar\u0131n\u0131n yan\u0131nda i\u015f ortaklar\u0131na farkl\u0131 \u00f6zelliklerde paket asans\u00f6r se\u00e7enekleri sunarak, m\u00fc\u015fteri memnuniyetini en \u00fcst noktada tutmay\u0131 ba\u015farm\u0131\u015ft\u0131r. Bu sayede, sadece asans\u00f6r kabin sat\u0131\u015f\u0131 de\u011fil, asans\u00f6r kullan\u0131lacak yap\u0131ya ait gereken t\u00fcm asans\u00f6r komponentlerini, i\u015f ortaklar\u0131m\u0131z\u0131n de\u011fi\u015fik isteklerine, tercihlerine ve asans\u00f6r kullan\u0131lacak yap\u0131n\u0131n durumuna g\u00f6re en uygun \u015fekilde [&hellip;]<\/p>\n","protected":false},"author":1,"featured_media":0,"parent":0,"menu_order":0,"comment_status":"closed","ping_status":"closed","template":"","meta":{"footnotes":""},"class_list":["post-1872","page","type-page","status-publish","hentry"],"acf":[],"_links":{"self":[{"href":"https:\/\/meelcelevator.com\/index.php\/wp-json\/wp\/v2\/pages\/1872","targetHints":{"allow":["GET"]}}],"collection":[{"href":"https:\/\/meelcelevator.com\/index.php\/wp-json\/wp\/v2\/pages"}],"about":[{"href":"https:\/\/meelcelevator.com\/index.php\/wp-json\/wp\/v2\/types\/page"}],"author":[{"embeddable":true,"href":"https:\/\/meelcelevator.com\/index.php\/wp-json\/wp\/v2\/users\/1"}],"replies":[{"embeddable":true,"href":"https:\/\/meelcelevator.com\/index.php\/wp-json\/wp\/v2\/comments?post=1872"}],"version-history":[{"count":3,"href":"https:\/\/meelcelevator.com\/index.php\/wp-json\/wp\/v2\/pages\/1872\/revisions"}],"predecessor-version":[{"id":1961,"href":"https:\/\/meelcelevator.com\/index.php\/wp-json\/wp\/v2\/pages\/1872\/revisions\/1961"}],"wp:attachment":[{"href":"https:\/\/meelcelevator.com\/index.php\/wp-json\/wp\/v2\/media?parent=1872"}],"curies":[{"name":"wp","href":"https:\/\/api.w.org\/{rel}","templated":true}]}}