{"id":1868,"date":"2025-11-03T11:41:04","date_gmt":"2025-11-03T08:41:04","guid":{"rendered":"https:\/\/meelc.com\/?page_id=1868"},"modified":"2025-11-03T12:05:04","modified_gmt":"2025-11-03T09:05:04","slug":"asansor-uretimi","status":"publish","type":"page","link":"https:\/\/meelcelevator.com\/index.php\/asansor-uretimi\/","title":{"rendered":"Asans\u00f6r \u00dcretimi"},"content":{"rendered":"<p>[vc_row][vc_column width=&#8221;1\/2&#8243;][vc_column_text]<\/p>\n<p style=\"text-align: justify;\"><strong>Asans\u00f6r Kabin \u0130malat\u0131:<\/strong><\/p>\n<p style=\"text-align: justify;\">MEELC Asans\u00f6r markas\u0131 ile \u00fcretmi\u015f oldu\u011fumuz asans\u00f6r kabinlerimiz, modern, \u015f\u0131k ve estetik olmas\u0131n\u0131n yan\u0131nda \u00e7e\u015fitli \u00f6zelliklere sahiptir. Bu sayede kullan\u0131c\u0131lara bir\u00e7ok kolayl\u0131k sa\u011flar. \u00dcretmi\u015f oldu\u011fumuz asans\u00f6r kabinlerimizin i\u00e7 dekorasyonlar\u0131nda m\u00fc\u015fteri zevk ve be\u011fenisine g\u00f6re de\u011fi\u015fik \u00f6zelliklerde kaplamalar kullanmaktay\u0131z.<\/p>\n<p style=\"text-align: justify;\"><strong>Asans\u00f6r Mekanik Par\u00e7a \u0130malat\u0131:<\/strong><\/p>\n<p style=\"text-align: justify;\">Firma olarak b\u00fct\u00fcn asans\u00f6r tiplerin ta\u015f\u0131y\u0131c\u0131 sistemlerini \u00fcretmekteyiz.<\/p>\n<p>[\/vc_column_text][\/vc_column][vc_column width=&#8221;1\/2&#8243;][vc_single_image image=&#8221;1943&#8243; img_size=&#8221;full&#8221;][\/vc_column][\/vc_row]<\/p>\n","protected":false},"excerpt":{"rendered":"<p>[vc_row][vc_column width=&#8221;1\/2&#8243;][vc_column_text] Asans\u00f6r Kabin \u0130malat\u0131: MEELC Asans\u00f6r markas\u0131 ile \u00fcretmi\u015f oldu\u011fumuz asans\u00f6r kabinlerimiz, modern, \u015f\u0131k ve estetik olmas\u0131n\u0131n yan\u0131nda \u00e7e\u015fitli \u00f6zelliklere sahiptir. Bu sayede kullan\u0131c\u0131lara bir\u00e7ok kolayl\u0131k sa\u011flar. \u00dcretmi\u015f oldu\u011fumuz asans\u00f6r kabinlerimizin i\u00e7 dekorasyonlar\u0131nda m\u00fc\u015fteri zevk ve be\u011fenisine g\u00f6re de\u011fi\u015fik \u00f6zelliklerde kaplamalar kullanmaktay\u0131z. Asans\u00f6r Mekanik Par\u00e7a \u0130malat\u0131: Firma olarak b\u00fct\u00fcn asans\u00f6r tiplerin ta\u015f\u0131y\u0131c\u0131 sistemlerini \u00fcretmekteyiz. [&hellip;]<\/p>\n","protected":false},"author":1,"featured_media":0,"parent":0,"menu_order":0,"comment_status":"closed","ping_status":"closed","template":"","meta":{"footnotes":""},"class_list":["post-1868","page","type-page","status-publish","hentry"],"acf":[],"_links":{"self":[{"href":"https:\/\/meelcelevator.com\/index.php\/wp-json\/wp\/v2\/pages\/1868","targetHints":{"allow":["GET"]}}],"collection":[{"href":"https:\/\/meelcelevator.com\/index.php\/wp-json\/wp\/v2\/pages"}],"about":[{"href":"https:\/\/meelcelevator.com\/index.php\/wp-json\/wp\/v2\/types\/page"}],"author":[{"embeddable":true,"href":"https:\/\/meelcelevator.com\/index.php\/wp-json\/wp\/v2\/users\/1"}],"replies":[{"embeddable":true,"href":"https:\/\/meelcelevator.com\/index.php\/wp-json\/wp\/v2\/comments?post=1868"}],"version-history":[{"count":3,"href":"https:\/\/meelcelevator.com\/index.php\/wp-json\/wp\/v2\/pages\/1868\/revisions"}],"predecessor-version":[{"id":1945,"href":"https:\/\/meelcelevator.com\/index.php\/wp-json\/wp\/v2\/pages\/1868\/revisions\/1945"}],"wp:attachment":[{"href":"https:\/\/meelcelevator.com\/index.php\/wp-json\/wp\/v2\/media?parent=1868"}],"curies":[{"name":"wp","href":"https:\/\/api.w.org\/{rel}","templated":true}]}}