{"id":1866,"date":"2025-11-03T11:40:44","date_gmt":"2025-11-03T08:40:44","guid":{"rendered":"https:\/\/meelc.com\/?page_id=1866"},"modified":"2025-11-03T12:10:49","modified_gmt":"2025-11-03T09:10:49","slug":"asansor-projelendirme","status":"publish","type":"page","link":"https:\/\/meelcelevator.com\/index.php\/asansor-projelendirme\/","title":{"rendered":"Asans\u00f6r Projelendirme"},"content":{"rendered":"<p>[vc_row][vc_column width=&#8221;1\/2&#8243;][vc_column_text]<\/p>\n<p style=\"text-align: justify;\">M\u00fc\u015fterilerimize en iyi hizmeti sunabilmek i\u00e7in, alm\u0131\u015f oldu\u011fumuz sipari\u015flerin teknik detay ve projelendirmeleri, m\u00fchendislerimiz ve teknik ekibimiz taraf\u0131ndan detayl\u0131 olarak haz\u0131rlanmakta ve \u00fcretim s\u00fcresince kontrol edilmektedir.<\/p>\n<p style=\"text-align: justify;\">\u00dcretimi ger\u00e7ekle\u015fecek olan asans\u00f6r kabini, s\u00fcspansiyonu, a\u011f\u0131rl\u0131k karkas\u0131 ve aksamlar\u0131, m\u00fc\u015fterilerimiz taraf\u0131ndan istenilen \u00f6zelliklere ve kuyu \u00f6l\u00e7\u00fclerine g\u00f6re en ideal asans\u00f6r ebat\u0131 tasarlanarak projelendirilmekte ve m\u00fc\u015fterilerimizin onay\u0131na sunulmaktad\u0131r. M\u00fc\u015fterilerimiz asans\u00f6r kuyu projesini inceleyip, onaylad\u0131ktan sonra m\u00fchendislerimiz ve teknik ekibimizin haz\u0131rlam\u0131\u015f oldu\u011fu \u00fcretim program\u0131na al\u0131n\u0131r. \u00dcretim s\u00fcrecinde asans\u00f6r kabini ve aksamlar\u0131na ait kesim, b\u00fck\u00fcm, punch ve lazer i\u015flemleri tamamlan\u0131r.<\/p>\n<p style=\"text-align: justify;\">Asans\u00f6r kabinin d\u0131\u015f g\u00f6vdesini olu\u015fturan par\u00e7alar\u0131n birle\u015ftirme a\u015famas\u0131na ge\u00e7ilir. Birle\u015ftirme i\u015flemi tamamlan\u0131nca m\u00fchendislerimiz ve teknik ekibimiz taraf\u0131ndan haz\u0131rlanm\u0131\u015f projeye uygunlu\u011fu kontrol edilir.<\/p>\n<p style=\"text-align: justify;\">Kontrol i\u015flemi tamamlanan asans\u00f6r kabinin i\u00e7 dekorasyon a\u015famas\u0131na ba\u015flan\u0131r. Kabinin i\u00e7 kaplama ve aksesuarlar\u0131, m\u00fc\u015fterilerimizin proje onay\u0131nda bildirmi\u015f oldu\u011fu \u00f6zellikler do\u011frultusunda dekore edilir. \u0130\u00e7 dekorasyonu tamamlanan asans\u00f6r kabinimizin ve aksamlar\u0131n\u0131n, m\u00fchendislerimiz ve teknik ekibimiz taraf\u0131ndan son kontrolleri yap\u0131l\u0131r.<\/p>\n<p style=\"text-align: justify;\">Son kontrolleri yap\u0131lan asans\u00f6r kabini, s\u00fcspansiyonu, a\u011f\u0131rl\u0131k karkas\u0131 ve aksamlar\u0131 sevk edilmek \u00fczere demonte hale getirilir ve paketlenir. Paketlerin \u00fczerine olu\u015fabilecek kar\u0131\u015f\u0131kl\u0131klar\u0131 \u00f6nlemek i\u00e7in firma bilgileri, \u015fantiye ve paket i\u00e7eri\u011fini belirten etiketlemeler yap\u0131l\u0131r. Paketleme ve etiketleme i\u015flemi tamamland\u0131\u011f\u0131nda, sevkiyat\u0131 i\u00e7in m\u00fc\u015fterilerimize bilgisi verilir.<\/p>\n<p>[\/vc_column_text][\/vc_column][vc_column width=&#8221;1\/2&#8243;][vc_single_image image=&#8221;1952&#8243; img_size=&#8221;full&#8221;][\/vc_column][\/vc_row]<\/p>\n","protected":false},"excerpt":{"rendered":"<p>[vc_row][vc_column width=&#8221;1\/2&#8243;][vc_column_text] M\u00fc\u015fterilerimize en iyi hizmeti sunabilmek i\u00e7in, alm\u0131\u015f oldu\u011fumuz sipari\u015flerin teknik detay ve projelendirmeleri, m\u00fchendislerimiz ve teknik ekibimiz taraf\u0131ndan detayl\u0131 olarak haz\u0131rlanmakta ve \u00fcretim s\u00fcresince kontrol edilmektedir. \u00dcretimi ger\u00e7ekle\u015fecek olan asans\u00f6r kabini, s\u00fcspansiyonu, a\u011f\u0131rl\u0131k karkas\u0131 ve aksamlar\u0131, m\u00fc\u015fterilerimiz taraf\u0131ndan istenilen \u00f6zelliklere ve kuyu \u00f6l\u00e7\u00fclerine g\u00f6re en ideal asans\u00f6r ebat\u0131 tasarlanarak projelendirilmekte ve m\u00fc\u015fterilerimizin onay\u0131na [&hellip;]<\/p>\n","protected":false},"author":1,"featured_media":0,"parent":0,"menu_order":0,"comment_status":"closed","ping_status":"closed","template":"","meta":{"footnotes":""},"class_list":["post-1866","page","type-page","status-publish","hentry"],"acf":[],"_links":{"self":[{"href":"https:\/\/meelcelevator.com\/index.php\/wp-json\/wp\/v2\/pages\/1866","targetHints":{"allow":["GET"]}}],"collection":[{"href":"https:\/\/meelcelevator.com\/index.php\/wp-json\/wp\/v2\/pages"}],"about":[{"href":"https:\/\/meelcelevator.com\/index.php\/wp-json\/wp\/v2\/types\/page"}],"author":[{"embeddable":true,"href":"https:\/\/meelcelevator.com\/index.php\/wp-json\/wp\/v2\/users\/1"}],"replies":[{"embeddable":true,"href":"https:\/\/meelcelevator.com\/index.php\/wp-json\/wp\/v2\/comments?post=1866"}],"version-history":[{"count":3,"href":"https:\/\/meelcelevator.com\/index.php\/wp-json\/wp\/v2\/pages\/1866\/revisions"}],"predecessor-version":[{"id":1954,"href":"https:\/\/meelcelevator.com\/index.php\/wp-json\/wp\/v2\/pages\/1866\/revisions\/1954"}],"wp:attachment":[{"href":"https:\/\/meelcelevator.com\/index.php\/wp-json\/wp\/v2\/media?parent=1866"}],"curies":[{"name":"wp","href":"https:\/\/api.w.org\/{rel}","templated":true}]}}