{"id":1862,"date":"2025-11-03T11:40:07","date_gmt":"2025-11-03T08:40:07","guid":{"rendered":"https:\/\/meelc.com\/?page_id=1862"},"modified":"2025-11-03T12:12:07","modified_gmt":"2025-11-03T09:12:07","slug":"asansor-malzeme-satisi","status":"publish","type":"page","link":"https:\/\/meelcelevator.com\/index.php\/asansor-malzeme-satisi\/","title":{"rendered":"Asans\u00f6r Malzeme Sat\u0131\u015f\u0131"},"content":{"rendered":"<p>[vc_row][vc_column width=&#8221;1\/2&#8243;][vc_column_text]<strong>Asans\u00f6r Malzeme Sat\u0131\u015f\u0131<\/strong><\/p>\n<p>Asans\u00f6r malzemelerinin; perakende ve paket olmak \u00fczere yurti\u00e7i ve yurt d\u0131\u015f\u0131na sat\u0131\u015f\u0131n\u0131 ger\u00e7ekle\u015ftiriyoruz.<\/p>\n<p>Distrib\u00fct\u00f6rl\u00fcklerimiz sayesinde, \u00fcretimimiz d\u0131\u015f\u0131nda olan \u00fcr\u00fcnlerin projenize en uygun olanlar\u0131n\u0131 sizlere sunuyor ve iste\u011finiz do\u011frultusunda en k\u0131sa s\u00fcrede teslimat\u0131n\u0131 yap\u0131yoruz.<\/p>\n<p><strong>Asans\u00f6r Yedek Par\u00e7a<\/strong><\/p>\n<p>Asans\u00f6r, \u00e7al\u0131\u015f\u0131rken hem g\u00fcvenilir hem de en iyi konfor seviyesinde hizmet vermesi gerekir. Bu y\u00fczden kullan\u0131lmaya ba\u015fland\u0131ktan sonra y\u00f6netmeli\u011fin belirtti\u011fi aral\u0131klarda periyodik bak\u0131m ve onar\u0131mlar\u0131n\u0131n yap\u0131lmas\u0131 gerekmektedir. Asans\u00f6rlerin rutin kontrollerinde ortaya \u00e7\u0131kan aksakl\u0131klar sadece bak\u0131m ile giderilemeyebilir. B\u00f6yle durumlarda par\u00e7a de\u011fi\u015ftirmek gerekebilir.<\/p>\n<p>MEELC olarak, asans\u00f6r yedek par\u00e7alar\u0131n\u0131n perakende ve paket asans\u00f6r olmak \u00fczere sat\u0131\u015f\u0131n\u0131 ger\u00e7ekle\u015ftirmektedir. \u00dcretimlerimiz haricinde baz\u0131 asans\u00f6r ekipmanlar\u0131n\u0131n yedek par\u00e7alar\u0131nda distrib\u00fct\u00f6rl\u00fcklerimiz bulunmaktad\u0131r.<\/p>\n<p>Kaliteye \u00f6ncelik vererek t\u00fcm \u00fcr\u00fcnlerde ilgili projeye ait en do\u011fru \u00fcr\u00fcn ile hizmet vermekteyiz. Asans\u00f6re dair verdi\u011fimiz her hizmette geni\u015f bir \u00fcr\u00fcn yelpazesi sunmaktay\u0131z. Kaliteli ve g\u00fcvenilir en uygun \u00fcr\u00fcn\u00fc en k\u0131sa s\u00fcrede teslimat\u0131n\u0131 ger\u00e7ekle\u015ftirmekteyiz.<\/p>\n<p>MEELC olarak olarak uzun y\u0131llard\u0131r asans\u00f6r sekt\u00f6r\u00fcnde faaliyet g\u00f6stermekteyiz. Y\u0131llard\u0131r sekt\u00f6rde olman\u0131n verdi\u011fi tecr\u00fcbe sebebiyle asans\u00f6r ve asans\u00f6r ekipmanlar\u0131 ile ilgili her t\u00fcrl\u00fc \u00fcr\u00fcn\u00fcn, kalitesini, g\u00fcvenli\u011fini, kullan\u0131\u015fl\u0131l\u0131\u011f\u0131n\u0131 bilip projenize uygun \u00fcr\u00fcn tercihini yapmaktay\u0131z.<\/p>\n<p>Daha bir\u00e7ok asans\u00f6r yedek par\u00e7as\u0131n\u0131n teslimat\u0131n\u0131 k\u0131sa bir s\u00fcrede asans\u00f6r\u00fcn her alan\u0131nda var olan MEELC asans\u00f6r ile g\u00fcvenli par\u00e7a de\u011fi\u015fimlerini ger\u00e7ekle\u015ftiriniz.[\/vc_column_text][\/vc_column][vc_column width=&#8221;1\/2&#8243;][vc_single_image image=&#8221;1956&#8243; img_size=&#8221;full&#8221;][\/vc_column][\/vc_row]<\/p>\n","protected":false},"excerpt":{"rendered":"<p>[vc_row][vc_column width=&#8221;1\/2&#8243;][vc_column_text]Asans\u00f6r Malzeme Sat\u0131\u015f\u0131 Asans\u00f6r malzemelerinin; perakende ve paket olmak \u00fczere yurti\u00e7i ve yurt d\u0131\u015f\u0131na sat\u0131\u015f\u0131n\u0131 ger\u00e7ekle\u015ftiriyoruz. Distrib\u00fct\u00f6rl\u00fcklerimiz sayesinde, \u00fcretimimiz d\u0131\u015f\u0131nda olan \u00fcr\u00fcnlerin projenize en uygun olanlar\u0131n\u0131 sizlere sunuyor ve iste\u011finiz do\u011frultusunda en k\u0131sa s\u00fcrede teslimat\u0131n\u0131 yap\u0131yoruz. Asans\u00f6r Yedek Par\u00e7a Asans\u00f6r, \u00e7al\u0131\u015f\u0131rken hem g\u00fcvenilir hem de en iyi konfor seviyesinde hizmet vermesi gerekir. Bu y\u00fczden [&hellip;]<\/p>\n","protected":false},"author":1,"featured_media":0,"parent":0,"menu_order":0,"comment_status":"closed","ping_status":"closed","template":"","meta":{"footnotes":""},"class_list":["post-1862","page","type-page","status-publish","hentry"],"acf":[],"_links":{"self":[{"href":"https:\/\/meelcelevator.com\/index.php\/wp-json\/wp\/v2\/pages\/1862","targetHints":{"allow":["GET"]}}],"collection":[{"href":"https:\/\/meelcelevator.com\/index.php\/wp-json\/wp\/v2\/pages"}],"about":[{"href":"https:\/\/meelcelevator.com\/index.php\/wp-json\/wp\/v2\/types\/page"}],"author":[{"embeddable":true,"href":"https:\/\/meelcelevator.com\/index.php\/wp-json\/wp\/v2\/users\/1"}],"replies":[{"embeddable":true,"href":"https:\/\/meelcelevator.com\/index.php\/wp-json\/wp\/v2\/comments?post=1862"}],"version-history":[{"count":3,"href":"https:\/\/meelcelevator.com\/index.php\/wp-json\/wp\/v2\/pages\/1862\/revisions"}],"predecessor-version":[{"id":1958,"href":"https:\/\/meelcelevator.com\/index.php\/wp-json\/wp\/v2\/pages\/1862\/revisions\/1958"}],"wp:attachment":[{"href":"https:\/\/meelcelevator.com\/index.php\/wp-json\/wp\/v2\/media?parent=1862"}],"curies":[{"name":"wp","href":"https:\/\/api.w.org\/{rel}","templated":true}]}}