{"id":1840,"date":"2025-11-03T11:36:40","date_gmt":"2025-11-03T08:36:40","guid":{"rendered":"https:\/\/meelc.com\/?page_id=1840"},"modified":"2025-11-03T12:38:01","modified_gmt":"2025-11-03T09:38:01","slug":"asansor-motorlari","status":"publish","type":"page","link":"https:\/\/meelcelevator.com\/index.php\/asansor-motorlari\/","title":{"rendered":"Asans\u00f6r Motorlar\u0131"},"content":{"rendered":"<p>[vc_row][vc_column width=&#8221;1\/2&#8243;][vc_column_text]Do\u011fru ve verimli asans\u00f6r makine motoru al\u0131n!<\/p>\n<p>Projenizde\u00a0makine daireniz var ise; hem di\u015flili makine motoru, hem di\u015flisiz makine motoru tercih edebilirsiniz. Projenizde makine daireniz yok ise, di\u015flisiz makine motorlar\u0131n\u0131 tercih etmelisiniz.<\/p>\n<p>Asans\u00f6r kabinin ta\u015f\u0131ma kapasitesine g\u00f6re, do\u011fru ve verimli makine motorlar\u0131 projeniz i\u00e7in \u00f6nemlidir.[\/vc_column_text][\/vc_column][vc_column width=&#8221;1\/2&#8243;][vc_single_image image=&#8221;2030&#8243; img_size=&#8221;full&#8221;][\/vc_column][\/vc_row]<\/p>\n","protected":false},"excerpt":{"rendered":"<p>[vc_row][vc_column width=&#8221;1\/2&#8243;][vc_column_text]Do\u011fru ve verimli asans\u00f6r makine motoru al\u0131n! Projenizde\u00a0makine daireniz var ise; hem di\u015flili makine motoru, hem di\u015flisiz makine motoru tercih edebilirsiniz. Projenizde makine daireniz yok ise, di\u015flisiz makine motorlar\u0131n\u0131 tercih etmelisiniz. Asans\u00f6r kabinin ta\u015f\u0131ma kapasitesine g\u00f6re, do\u011fru ve verimli makine motorlar\u0131 projeniz i\u00e7in \u00f6nemlidir.[\/vc_column_text][\/vc_column][vc_column width=&#8221;1\/2&#8243;][vc_single_image image=&#8221;2030&#8243; img_size=&#8221;full&#8221;][\/vc_column][\/vc_row]<\/p>\n","protected":false},"author":1,"featured_media":0,"parent":0,"menu_order":0,"comment_status":"closed","ping_status":"closed","template":"","meta":{"footnotes":""},"class_list":["post-1840","page","type-page","status-publish","hentry"],"acf":[],"_links":{"self":[{"href":"https:\/\/meelcelevator.com\/index.php\/wp-json\/wp\/v2\/pages\/1840","targetHints":{"allow":["GET"]}}],"collection":[{"href":"https:\/\/meelcelevator.com\/index.php\/wp-json\/wp\/v2\/pages"}],"about":[{"href":"https:\/\/meelcelevator.com\/index.php\/wp-json\/wp\/v2\/types\/page"}],"author":[{"embeddable":true,"href":"https:\/\/meelcelevator.com\/index.php\/wp-json\/wp\/v2\/users\/1"}],"replies":[{"embeddable":true,"href":"https:\/\/meelcelevator.com\/index.php\/wp-json\/wp\/v2\/comments?post=1840"}],"version-history":[{"count":2,"href":"https:\/\/meelcelevator.com\/index.php\/wp-json\/wp\/v2\/pages\/1840\/revisions"}],"predecessor-version":[{"id":2031,"href":"https:\/\/meelcelevator.com\/index.php\/wp-json\/wp\/v2\/pages\/1840\/revisions\/2031"}],"wp:attachment":[{"href":"https:\/\/meelcelevator.com\/index.php\/wp-json\/wp\/v2\/media?parent=1840"}],"curies":[{"name":"wp","href":"https:\/\/api.w.org\/{rel}","templated":true}]}}