{"id":1837,"date":"2025-11-03T11:36:05","date_gmt":"2025-11-03T08:36:05","guid":{"rendered":"https:\/\/meelc.com\/?page_id=1837"},"modified":"2025-11-03T12:40:01","modified_gmt":"2025-11-03T09:40:01","slug":"asansor-laminant","status":"publish","type":"page","link":"https:\/\/meelcelevator.com\/index.php\/asansor-laminant\/","title":{"rendered":"Asans\u00f6r Laminant"},"content":{"rendered":"<p>[vc_row][vc_column width=&#8221;1\/2&#8243;][vc_column_text]<\/p>\n<h3 style=\"text-align: justify;\">Sade Asans\u00f6r Laminat Modelleri<\/h3>\n<p style=\"text-align: justify;\"><strong>Asans\u00f6r laminat modelleri<\/strong>\u00a0aras\u0131nda sade \u00fcr\u00fcnler olduk\u00e7a yayg\u0131nd\u0131r. Daha \u00e7ok konut asans\u00f6rleri i\u00e7in tercih edilen sade laminat parkeler, herhangi bir desen i\u00e7ermemektedir. Farkl\u0131 renk se\u00e7enekleri bulunan bu parke modellerinde daha \u00e7ok koyu renkler \u00f6n plana \u00e7\u0131kmaktad\u0131r. Koyu renkler ile \u00e7e\u015fitli ayd\u0131nlatma modellerinin bir arada kullan\u0131lmas\u0131, asans\u00f6r\u00fcn i\u00e7erisinde lo\u015f ve rahatlat\u0131c\u0131 bir ortam yarat\u0131lmas\u0131n\u0131 sa\u011flamaktad\u0131r. Sade laminat modelleri, maliyet a\u00e7\u0131s\u0131ndan da en uygun laminat parke t\u00fcr\u00fcd\u00fcr.<\/p>\n<h3 style=\"text-align: justify;\">Yatay ya da Dikey \u00c7izgili Asans\u00f6r Laminatlar\u0131<\/h3>\n<p style=\"text-align: justify;\">G\u00f6r\u00fcn\u00fcm olarak sade laminat parkeler ile b\u00fcy\u00fck benzerlik g\u00f6steren \u00e7izgili parkeler, \u00fczerlerinde yatay ya da dikey bi\u00e7imli \u00e7izgiler bar\u0131nd\u0131rmaktad\u0131r. Sade parkelere g\u00f6re biraz daha estetik olan \u00e7izgili laminat parkelerde de genellikle koyu renkler kullan\u0131lmaktad\u0131r. \u00c7izgilerin asans\u00f6r kabinine kazand\u0131rm\u0131\u015f oldu\u011fu hareket, farkl\u0131 bir tasar\u0131m anlay\u0131\u015f\u0131 yaratmaktad\u0131r. Ancak \u0131\u015f\u0131kland\u0131rman\u0131n hatal\u0131 yap\u0131lmas\u0131 durumunda, \u00e7zigili parkelerin g\u00f6z yorucu hale gelebilmesi de m\u00fcmk\u00fcnd\u00fcr.<\/p>\n<h3 style=\"text-align: justify;\">Kare Dilimli Asans\u00f6r Laminat Modelleri<\/h3>\n<p style=\"text-align: justify;\">Estetik a\u00e7\u0131dan daha ho\u015f bir g\u00f6r\u00fcn\u00fcm sunan kare dilimli laminatlarda genellikle birka\u00e7 renk tonu bir arada kullan\u0131lmaktad\u0131r. Dikd\u00f6rtgen ya da kare zemin \u00fczerine s\u0131ralanan renkli kare dilimlere sahip olan bu modeller rezidanslarda, kamu kurumlar\u0131nda, plazalarda ve daha pek \u00e7ok alanda tercih edilmektedir.<\/p>\n<h3 style=\"text-align: justify;\">\u00d6zel Tasar\u0131m Asans\u00f6r Laminatlar<\/h3>\n<p style=\"text-align: justify;\"><strong>Asans\u00f6r laminat modelleri<\/strong>\u00a0aras\u0131nda maliyet bak\u0131m\u0131ndan en y\u00fcksek olan\u0131 \u00f6zel tasar\u0131m laminatlard\u0131r. Klasik bir desene sahip olmayan bu laminatlarda bir zemin ve zemin \u00fczerine i\u015flenmi\u015f desenler ile resimler mevcuttur. \u00c7i\u00e7ek desenleri ya da i\u015fleme motifler \u00f6zel tasar\u0131m asans\u00f6r laminatlar\u0131nda en s\u0131k g\u00f6r\u00fclen tasar\u0131mlard\u0131r. Kullan\u0131m alanlar\u0131na ayr\u0131 bir hava katan \u00f6zel tasar\u0131m asans\u00f6r laminatlar\u0131, esteti\u011fin \u00f6n planda oldu\u011fu l\u00fcks alanlarda kullan\u0131lmaktad\u0131r.<\/p>\n<p>[\/vc_column_text][\/vc_column][vc_column width=&#8221;1\/2&#8243;][vc_single_image image=&#8221;2032&#8243; img_size=&#8221;full&#8221;][\/vc_column][\/vc_row]<\/p>\n","protected":false},"excerpt":{"rendered":"<p>[vc_row][vc_column width=&#8221;1\/2&#8243;][vc_column_text] Sade Asans\u00f6r Laminat Modelleri Asans\u00f6r laminat modelleri\u00a0aras\u0131nda sade \u00fcr\u00fcnler olduk\u00e7a yayg\u0131nd\u0131r. Daha \u00e7ok konut asans\u00f6rleri i\u00e7in tercih edilen sade laminat parkeler, herhangi bir desen i\u00e7ermemektedir. Farkl\u0131 renk se\u00e7enekleri bulunan bu parke modellerinde daha \u00e7ok koyu renkler \u00f6n plana \u00e7\u0131kmaktad\u0131r. Koyu renkler ile \u00e7e\u015fitli ayd\u0131nlatma modellerinin bir arada kullan\u0131lmas\u0131, asans\u00f6r\u00fcn i\u00e7erisinde lo\u015f ve rahatlat\u0131c\u0131 [&hellip;]<\/p>\n","protected":false},"author":1,"featured_media":0,"parent":0,"menu_order":0,"comment_status":"closed","ping_status":"closed","template":"","meta":{"footnotes":""},"class_list":["post-1837","page","type-page","status-publish","hentry"],"acf":[],"_links":{"self":[{"href":"https:\/\/meelcelevator.com\/index.php\/wp-json\/wp\/v2\/pages\/1837","targetHints":{"allow":["GET"]}}],"collection":[{"href":"https:\/\/meelcelevator.com\/index.php\/wp-json\/wp\/v2\/pages"}],"about":[{"href":"https:\/\/meelcelevator.com\/index.php\/wp-json\/wp\/v2\/types\/page"}],"author":[{"embeddable":true,"href":"https:\/\/meelcelevator.com\/index.php\/wp-json\/wp\/v2\/users\/1"}],"replies":[{"embeddable":true,"href":"https:\/\/meelcelevator.com\/index.php\/wp-json\/wp\/v2\/comments?post=1837"}],"version-history":[{"count":3,"href":"https:\/\/meelcelevator.com\/index.php\/wp-json\/wp\/v2\/pages\/1837\/revisions"}],"predecessor-version":[{"id":2034,"href":"https:\/\/meelcelevator.com\/index.php\/wp-json\/wp\/v2\/pages\/1837\/revisions\/2034"}],"wp:attachment":[{"href":"https:\/\/meelcelevator.com\/index.php\/wp-json\/wp\/v2\/media?parent=1837"}],"curies":[{"name":"wp","href":"https:\/\/api.w.org\/{rel}","templated":true}]}}