{"id":1831,"date":"2025-11-03T11:34:59","date_gmt":"2025-11-03T08:34:59","guid":{"rendered":"https:\/\/meelc.com\/?page_id=1831"},"modified":"2025-11-03T12:35:32","modified_gmt":"2025-11-03T09:35:32","slug":"asansor-kabinleri","status":"publish","type":"page","link":"https:\/\/meelcelevator.com\/index.php\/asansor-kabinleri\/","title":{"rendered":"Asans\u00f6r Kabinleri"},"content":{"rendered":"<p>[vc_row][vc_column][vc_column_text]<\/p>\n<p style=\"text-align: justify;\">Asans\u00f6r kabini tercihiniz kullanaca\u011f\u0131n\u0131z asans\u00f6r projesindeki ihtiyaca en uygun model olmal\u0131d\u0131r. Kabinlerimiz bir\u00e7ok farkl\u0131 modelde sunulmaktad\u0131r.<\/p>\n<p style=\"text-align: justify;\">Asans\u00f6r kabinlerinde kaliteli malzeme kullan\u0131l\u0131r ve MEELC markas\u0131yla \u00fcretimi yap\u0131lan asans\u00f6r kabinlerinde\u00a0alternatifli tasar\u0131mlar bulabilirsiniz.<\/p>\n<p style=\"text-align: justify;\">\u0130nsan asans\u00f6r\u00fc kabinleri, y\u00fck asans\u00f6r\u00fc kabinleri, yemek asans\u00f6r\u00fc kabinleri, ara\u00e7 asans\u00f6r\u00fc kabinleri, sedye asans\u00f6r\u00fc kabinleri ve panoramik asans\u00f6r kabinleri \u00fcretiminde i\u015f ortaklar\u0131na m\u00fc\u015fteri memnuniyeti ile en iyi \u00e7\u00f6z\u00fcmleri sunmaktad\u0131r.<\/p>\n<p style=\"text-align: justify;\">Hayat\u0131m\u0131z\u0131n her alan\u0131nda kullanm\u0131\u015f oldu\u011fumuz asans\u00f6rlerin\u00a0kabin imalat\u0131\u00a0profesyonel ekibimiz taraf\u0131ndan yap\u0131lmaktad\u0131r. Kabinlerimiz\u00a0kendi fabrikam\u0131zda \u00fcretilerek yurt i\u00e7i ve yurt d\u0131\u015f\u0131nda bir\u00e7ok yerde kullan\u0131lmaktad\u0131r.<\/p>\n<p>[\/vc_column_text][\/vc_column][\/vc_row][vc_row][vc_column][vc_gallery type=&#8221;image_grid&#8221; images=&#8221;1967,1968,1969,1970,1971,1972,1973,1974,1975,1976,1977,1978,1979,1980,1981,1982,1983,1984,1985,1986,1987,1988,1989,1990,1991,1992,1993,1994,1995,1996,1997,1998,1999,2000,2001,2002,2003,2004,2005,2006,2007,2008,2009,2010,2011,2012,2013,2014,2015,2016,2017,2018,2019,2020,2021,2022,2023,2024,2025,2026&#8243; img_size=&#8221;full&#8221;][\/vc_column][\/vc_row]<\/p>\n","protected":false},"excerpt":{"rendered":"<p>[vc_row][vc_column][vc_column_text] Asans\u00f6r kabini tercihiniz kullanaca\u011f\u0131n\u0131z asans\u00f6r projesindeki ihtiyaca en uygun model olmal\u0131d\u0131r. Kabinlerimiz bir\u00e7ok farkl\u0131 modelde sunulmaktad\u0131r. Asans\u00f6r kabinlerinde kaliteli malzeme kullan\u0131l\u0131r ve MEELC markas\u0131yla \u00fcretimi yap\u0131lan asans\u00f6r kabinlerinde\u00a0alternatifli tasar\u0131mlar bulabilirsiniz. \u0130nsan asans\u00f6r\u00fc kabinleri, y\u00fck asans\u00f6r\u00fc kabinleri, yemek asans\u00f6r\u00fc kabinleri, ara\u00e7 asans\u00f6r\u00fc kabinleri, sedye asans\u00f6r\u00fc kabinleri ve panoramik asans\u00f6r kabinleri \u00fcretiminde i\u015f ortaklar\u0131na m\u00fc\u015fteri memnuniyeti [&hellip;]<\/p>\n","protected":false},"author":1,"featured_media":0,"parent":0,"menu_order":0,"comment_status":"closed","ping_status":"closed","template":"","meta":{"footnotes":""},"class_list":["post-1831","page","type-page","status-publish","hentry"],"acf":[],"_links":{"self":[{"href":"https:\/\/meelcelevator.com\/index.php\/wp-json\/wp\/v2\/pages\/1831","targetHints":{"allow":["GET"]}}],"collection":[{"href":"https:\/\/meelcelevator.com\/index.php\/wp-json\/wp\/v2\/pages"}],"about":[{"href":"https:\/\/meelcelevator.com\/index.php\/wp-json\/wp\/v2\/types\/page"}],"author":[{"embeddable":true,"href":"https:\/\/meelcelevator.com\/index.php\/wp-json\/wp\/v2\/users\/1"}],"replies":[{"embeddable":true,"href":"https:\/\/meelcelevator.com\/index.php\/wp-json\/wp\/v2\/comments?post=1831"}],"version-history":[{"count":3,"href":"https:\/\/meelcelevator.com\/index.php\/wp-json\/wp\/v2\/pages\/1831\/revisions"}],"predecessor-version":[{"id":1966,"href":"https:\/\/meelcelevator.com\/index.php\/wp-json\/wp\/v2\/pages\/1831\/revisions\/1966"}],"wp:attachment":[{"href":"https:\/\/meelcelevator.com\/index.php\/wp-json\/wp\/v2\/media?parent=1831"}],"curies":[{"name":"wp","href":"https:\/\/api.w.org\/{rel}","templated":true}]}}