{"id":1821,"date":"2025-11-03T11:33:19","date_gmt":"2025-11-03T08:33:19","guid":{"rendered":"https:\/\/meelc.com\/?page_id=1821"},"modified":"2025-11-03T12:41:07","modified_gmt":"2025-11-03T09:41:07","slug":"asansor-aksamlari","status":"publish","type":"page","link":"https:\/\/meelcelevator.com\/index.php\/asansor-aksamlari\/","title":{"rendered":"Asans\u00f6r Aksamlar\u0131"},"content":{"rendered":"<p>[vc_row][vc_column width=&#8221;1\/2&#8243;][vc_column_text]Asans\u00f6r kap\u0131lar\u0131, butonlar\u0131, raylar\u0131, halatlar\u0131, kablolar\u0131, motorlar\u0131 ve kumanda panolar\u0131 d\u0131\u015f\u0131nda da di\u011fer asans\u00f6r \u00fcr\u00fcnlerinde de tedarik\u00e7ilik yapmaktay\u0131z.[\/vc_column_text][\/vc_column][vc_column width=&#8221;1\/2&#8243;][vc_single_image image=&#8221;2035&#8243; img_size=&#8221;full&#8221;][\/vc_column][\/vc_row]<\/p>\n","protected":false},"excerpt":{"rendered":"<p>[vc_row][vc_column width=&#8221;1\/2&#8243;][vc_column_text]Asans\u00f6r kap\u0131lar\u0131, butonlar\u0131, raylar\u0131, halatlar\u0131, kablolar\u0131, motorlar\u0131 ve kumanda panolar\u0131 d\u0131\u015f\u0131nda da di\u011fer asans\u00f6r \u00fcr\u00fcnlerinde de tedarik\u00e7ilik yapmaktay\u0131z.[\/vc_column_text][\/vc_column][vc_column width=&#8221;1\/2&#8243;][vc_single_image image=&#8221;2035&#8243; img_size=&#8221;full&#8221;][\/vc_column][\/vc_row]<\/p>\n","protected":false},"author":1,"featured_media":0,"parent":0,"menu_order":0,"comment_status":"closed","ping_status":"closed","template":"","meta":{"footnotes":""},"class_list":["post-1821","page","type-page","status-publish","hentry"],"acf":[],"_links":{"self":[{"href":"https:\/\/meelcelevator.com\/index.php\/wp-json\/wp\/v2\/pages\/1821","targetHints":{"allow":["GET"]}}],"collection":[{"href":"https:\/\/meelcelevator.com\/index.php\/wp-json\/wp\/v2\/pages"}],"about":[{"href":"https:\/\/meelcelevator.com\/index.php\/wp-json\/wp\/v2\/types\/page"}],"author":[{"embeddable":true,"href":"https:\/\/meelcelevator.com\/index.php\/wp-json\/wp\/v2\/users\/1"}],"replies":[{"embeddable":true,"href":"https:\/\/meelcelevator.com\/index.php\/wp-json\/wp\/v2\/comments?post=1821"}],"version-history":[{"count":4,"href":"https:\/\/meelcelevator.com\/index.php\/wp-json\/wp\/v2\/pages\/1821\/revisions"}],"predecessor-version":[{"id":2037,"href":"https:\/\/meelcelevator.com\/index.php\/wp-json\/wp\/v2\/pages\/1821\/revisions\/2037"}],"wp:attachment":[{"href":"https:\/\/meelcelevator.com\/index.php\/wp-json\/wp\/v2\/media?parent=1821"}],"curies":[{"name":"wp","href":"https:\/\/api.w.org\/{rel}","templated":true}]}}